{"id":10,"date":"2014-11-20T16:44:32","date_gmt":"2014-11-20T15:44:32","guid":{"rendered":"http:\/\/www.les3mousquetons.net\/?page_id=10"},"modified":"2024-10-04T19:16:44","modified_gmt":"2024-10-04T18:16:44","slug":"le-club","status":"publish","type":"page","link":"http:\/\/www.les3mousquetons.net\/?page_id=10","title":{"rendered":"Le Club des 3 Mousquetons"},"content":{"rendered":"<p><span style=\"font-size: 18pt;\"><strong>Bienvenue sur le site Internet des 3 Mousquetons !<\/strong><\/span><\/p>\n<p><a href=\"http:\/\/www.les3mousquetons.net\/wp-content\/uploads\/2021\/06\/2021-Logo3Mousquetons.png\"><img loading=\"lazy\" decoding=\"async\" class=\"wp-image-4366 alignright\" src=\"http:\/\/www.les3mousquetons.net\/wp-content\/uploads\/2021\/06\/2021-Logo3Mousquetons.png\" alt=\"\" width=\"688\" height=\"433\" srcset=\"http:\/\/www.les3mousquetons.net\/wp-content\/uploads\/2021\/06\/2021-Logo3Mousquetons.png 2606w, http:\/\/www.les3mousquetons.net\/wp-content\/uploads\/2021\/06\/2021-Logo3Mousquetons-300x189.png 300w, http:\/\/www.les3mousquetons.net\/wp-content\/uploads\/2021\/06\/2021-Logo3Mousquetons-1024x645.png 1024w, http:\/\/www.les3mousquetons.net\/wp-content\/uploads\/2021\/06\/2021-Logo3Mousquetons-768x484.png 768w, http:\/\/www.les3mousquetons.net\/wp-content\/uploads\/2021\/06\/2021-Logo3Mousquetons-1536x968.png 1536w, http:\/\/www.les3mousquetons.net\/wp-content\/uploads\/2021\/06\/2021-Logo3Mousquetons-2048x1290.png 2048w\" sizes=\"(max-width: 688px) 100vw, 688px\" \/><\/a><\/p>\n<p>Association loi 1901, les 3 Mousquetons a \u00e9t\u00e9 cr\u00e9\u00e9e en 1993 avec le but de rassembler largement autour de la pratique de <a href=\"https:\/\/www.les3mousquetons.net\/?page_id=12\">l&rsquo;escalade<\/a>. Que vous veniez d\u00e9couvrir, progresser, prendre plaisir ou vous perfectionner dans cette discipline, le club est ouvert \u00e0 toutes et tous ! Vous trouverez sur ce site toutes les informations n\u00e9cessaires pour venir pratiquer l&rsquo;escalade avec nous.<\/p>\n<p>Le club propose des cours d&rsquo;escalade en int\u00e9rieur \u00e0 partir de 6 ans, des sorties en milieu naturel (bloc et falaise), organise des comp\u00e9titions, des \u00e9changes interclubs et des stages pendant les vacances scolaires&#8230;<br \/>Les entra\u00eenement ont lieu du lundi au samedi, de 1 \u00e0 2 s\u00e9ances par semaine.<\/p>\n<p>Le club est affili\u00e9 \u00e0 la <a href=\"https:\/\/www.ffme.fr\/\">F\u00e9d\u00e9ration Fran\u00e7aise de Montagne et d\u2019Escalade (FFME)<\/a>.<\/p>\n<p>A l\u2019heure actuelle, pour vous accueillir, les 3 Mousquetons comptent :<\/p>\n<ul>\n<li>7 initiateurs et initiatrices de Structure Artificielle d&rsquo;Escalade (SAE)<\/li>\n<li>2 initiateurs et initiatrices de Structure Naturelle d&rsquo;Escalade (SNE)<\/li>\n<li>3 Encadrant.e.s dipl\u00f4m\u00e9.e.s\u00a0<\/li>\n<li>Une \u00e9quipe de b\u00e9n\u00e9voles motiv\u00e9.\u00e9.s !<\/li>\n<\/ul>\n<p>Et bien entendu, plus de 180 adh\u00e9rent.e.s qui partagent les valeurs d&rsquo;un m\u00eame sport :<\/p>\n<ul>\n<li>Le d\u00e9passement de soi, le go\u00fbt de l\u2019effort<\/li>\n<li>Le respect des autres et des r\u00e8gles<\/li>\n<li>L\u2019esprit d&rsquo;\u00e9quipe et d\u2019appartenance \u00e0 un club<\/li>\n<\/ul>\n<p>Bonne navigation et \u00e0 tr\u00e8s bient\u00f4t !<\/p>\n<p><em>L&rsquo;\u00e9quipe 3M<\/em><\/p>\n\n\n<p><\/p>\n","protected":false},"excerpt":{"rendered":"<p>Introduction au club et historique<\/p>\n","protected":false},"author":2,"featured_media":0,"parent":0,"menu_order":0,"comment_status":"closed","ping_status":"open","template":"","meta":{"neve_meta_sidebar":"","neve_meta_container":"","neve_meta_enable_content_width":"on","neve_meta_content_width":85,"neve_meta_title_alignment":"","neve_meta_author_avatar":"","neve_post_elements_order":"","neve_meta_disable_header":"","neve_meta_disable_footer":"","neve_meta_disable_title":"","_themeisle_gutenberg_block_has_review":false,"_ti_tpc_template_sync":false,"_ti_tpc_template_id":"","cybocfi_hide_featured_image":"","footnotes":""},"_links":{"self":[{"href":"http:\/\/www.les3mousquetons.net\/index.php?rest_route=\/wp\/v2\/pages\/10"}],"collection":[{"href":"http:\/\/www.les3mousquetons.net\/index.php?rest_route=\/wp\/v2\/pages"}],"about":[{"href":"http:\/\/www.les3mousquetons.net\/index.php?rest_route=\/wp\/v2\/types\/page"}],"author":[{"embeddable":true,"href":"http:\/\/www.les3mousquetons.net\/index.php?rest_route=\/wp\/v2\/users\/2"}],"replies":[{"embeddable":true,"href":"http:\/\/www.les3mousquetons.net\/index.php?rest_route=%2Fwp%2Fv2%2Fcomments&post=10"}],"version-history":[{"count":41,"href":"http:\/\/www.les3mousquetons.net\/index.php?rest_route=\/wp\/v2\/pages\/10\/revisions"}],"predecessor-version":[{"id":5550,"href":"http:\/\/www.les3mousquetons.net\/index.php?rest_route=\/wp\/v2\/pages\/10\/revisions\/5550"}],"wp:attachment":[{"href":"http:\/\/www.les3mousquetons.net\/index.php?rest_route=%2Fwp%2Fv2%2Fmedia&parent=10"}],"curies":[{"name":"wp","href":"https:\/\/api.w.org\/{rel}","templated":true}]}}