{"id":14,"date":"2014-11-20T16:48:05","date_gmt":"2014-11-20T15:48:05","guid":{"rendered":"http:\/\/www.les3mousquetons.net\/?page_id=14"},"modified":"2025-06-06T15:18:59","modified_gmt":"2025-06-06T14:18:59","slug":"bureau","status":"publish","type":"page","link":"http:\/\/www.les3mousquetons.net\/?page_id=14","title":{"rendered":"L&rsquo;Equipe 3M"},"content":{"rendered":"<p>Pour faire vivre et animer l&rsquo;association, proposer des stages, des sorties, des activit\u00e9s, assurer des bonnes conditions mat\u00e9rielles et permettre \u00e0 toutes et tous de profiter de l&rsquo;escalade, les 3 Mousquetons ne seraient rien sans tous les b\u00e9n\u00e9voles engag\u00e9.e.s au sein du bureau et du comit\u00e9 directeur. Le <strong>bureau<\/strong>\u00a0permet de donner un cadre l\u00e9gal au club, de prendre des d\u00e9cisions avec la participation active et le soutien des membres du <strong>comit\u00e9 directeur<\/strong>.<\/p>\n<h2>Le Bureau<\/h2>\n<h5 style=\"padding-left: 40px;\">Pr\u00e9sidente<\/h5>\n<p style=\"padding-left: 80px;\">Cathy PETIT<br \/><a href=\"mailto:cathy.postic@les3mousquetons.net\">cathy.postic@les3mousquetons.net<\/a><\/p>\n<h5 style=\"padding-left: 40px;\">Secr\u00e9taire et ViCE SECr\u00e9taire<\/h5>\n<p style=\"padding-left: 80px;\">C\u00e9dric LAURENS<br \/><a href=\"mailto:cedric.laurens@les3mousquetons.net\">cedric.laurens@les3mousquetons.net<\/a><\/p>\n<p style=\"padding-left: 120px;\">Fabien DEBOUVERE<br \/><a href=\"mailto:debouvere.f@gmail.com\">debouvere.f@gmail.com<\/a><\/p>\n<h5 style=\"padding-left: 40px;\">Tr\u00e9sorier et VICE TR\u00e9sorier<\/h5>\n<p style=\"padding-left: 80px;\">Jean DE PARDIEU<br \/><a href=\"mailto:jean.de.pardieu@les3mousquetons.net\">jean.de.pardieu@les3mousquetons.net<\/a><\/p>\n<p style=\"padding-left: 120px;\">Guillaume PEIGNE<br \/><a href=\"mailto:guillaume.peigne@les3mousquetons.net\"><span style=\"text-decoration: underline;\">guillaume.peigne@les3mousquetons.net<\/span><\/a><\/p>\n<p style=\"padding-left: 80px;\">(Bureau \u00e9lu le 10\/09\/2024 et ce jusqu&rsquo;\u00e0 l&rsquo;Assembl\u00e9e G\u00e9n\u00e9rale 2025)<a id=\"melodie.fiquet@les3mousquetons.net_body\" class=\"adr black-to-orange contextEntry\" href=\"mailto:nadege.collin@les3mousquetons.net\" target=\"_blank\" rel=\"noopener noreferrer\"><\/a><span style=\"color: #ffffff;\">&#8211;<\/span><\/p>\n\n\n<div id=\"wp-block-themeisle-blocks-advanced-columns-149cd5ba\" class=\"wp-block-themeisle-blocks-advanced-columns has-2-columns has-desktop-equal-layout has-tablet-equal-layout has-mobile-collapsedRows-layout has-vertical-unset has-default-gap\"><div class=\"wp-block-themeisle-blocks-advanced-columns-overlay\"><\/div><div class=\"innerblocks-wrap\">\n<div id=\"wp-block-themeisle-blocks-advanced-column-47e37651\" class=\"wp-block-themeisle-blocks-advanced-column\">\n<h2>Le Comit\u00e9 Directeur<\/h2>\n<h3 style=\"padding-left: 40px;\">En compl\u00e9ment du bureau<\/h3>\n<ul>\n<li>Julien BARTHELEMY (r\u00e9f\u00e9rent compet &amp; prises)<\/li>\n<li>Vanessa SCOMPARIN<\/li>\n<li>Herv\u00e9 COCHIN<\/li>\n<li>Bernard GILLIUM (r\u00e9f\u00e9rent adultes)<\/li>\n<li>B\u00e9atrice MAGNIER (r\u00e9f\u00e9rente EPI)<\/li>\n<li>Ma\u00ebl KERVICHE<\/li>\n<li>Yanis MAKOA-MENG<\/li>\n<li>Manon POSTIC<\/li>\n<li>Pierre BELLET<\/li>\n<\/ul>\n<p style=\"padding-left: 80px;\">\u00a0<\/p>\n<\/div>\n\n\n\n<div id=\"wp-block-themeisle-blocks-advanced-column-07f802ec\" class=\"wp-block-themeisle-blocks-advanced-column\"><div class=\"wp-block-image\">\n<figure class=\"aligncenter size-large is-resized\"><a href=\"http:\/\/www.les3mousquetons.net\/wp-content\/uploads\/2021\/10\/IMG_20190216_084850155-edited.jpg\"><img loading=\"lazy\" decoding=\"async\" width=\"843\" height=\"474\" src=\"http:\/\/www.les3mousquetons.net\/wp-content\/uploads\/2021\/10\/IMG_20190216_084850155-edited.jpg\" alt=\"\" class=\"wp-image-4915\" style=\"width:630px;height:353px\" srcset=\"http:\/\/www.les3mousquetons.net\/wp-content\/uploads\/2021\/10\/IMG_20190216_084850155-edited.jpg 843w, http:\/\/www.les3mousquetons.net\/wp-content\/uploads\/2021\/10\/IMG_20190216_084850155-edited-300x169.jpg 300w, http:\/\/www.les3mousquetons.net\/wp-content\/uploads\/2021\/10\/IMG_20190216_084850155-edited-768x432.jpg 768w\" sizes=\"(max-width: 843px) 100vw, 843px\" \/><\/a><\/figure><\/div><\/div>\n<\/div><\/div>\n","protected":false},"excerpt":{"rendered":"<p>l circule des centaines de versions diff\u00e9rentes du Lorem ipsum, mais ce texte aurait originellement \u00e9t\u00e9 tir\u00e9 de l&rsquo;ouvrage de Cic\u00e9ron, De <\/p>\n","protected":false},"author":2,"featured_media":227,"parent":10,"menu_order":1,"comment_status":"closed","ping_status":"open","template":"","meta":{"neve_meta_sidebar":"","neve_meta_container":"","neve_meta_enable_content_width":"on","neve_meta_content_width":85,"neve_meta_title_alignment":"","neve_meta_author_avatar":"","neve_post_elements_order":"","neve_meta_disable_header":"","neve_meta_disable_footer":"","neve_meta_disable_title":"","_themeisle_gutenberg_block_has_review":false,"_ti_tpc_template_sync":false,"_ti_tpc_template_id":"","cybocfi_hide_featured_image":"","footnotes":""},"_links":{"self":[{"href":"http:\/\/www.les3mousquetons.net\/index.php?rest_route=\/wp\/v2\/pages\/14"}],"collection":[{"href":"http:\/\/www.les3mousquetons.net\/index.php?rest_route=\/wp\/v2\/pages"}],"about":[{"href":"http:\/\/www.les3mousquetons.net\/index.php?rest_route=\/wp\/v2\/types\/page"}],"author":[{"embeddable":true,"href":"http:\/\/www.les3mousquetons.net\/index.php?rest_route=\/wp\/v2\/users\/2"}],"replies":[{"embeddable":true,"href":"http:\/\/www.les3mousquetons.net\/index.php?rest_route=%2Fwp%2Fv2%2Fcomments&post=14"}],"version-history":[{"count":61,"href":"http:\/\/www.les3mousquetons.net\/index.php?rest_route=\/wp\/v2\/pages\/14\/revisions"}],"predecessor-version":[{"id":5854,"href":"http:\/\/www.les3mousquetons.net\/index.php?rest_route=\/wp\/v2\/pages\/14\/revisions\/5854"}],"up":[{"embeddable":true,"href":"http:\/\/www.les3mousquetons.net\/index.php?rest_route=\/wp\/v2\/pages\/10"}],"wp:featuredmedia":[{"embeddable":true,"href":"http:\/\/www.les3mousquetons.net\/index.php?rest_route=\/wp\/v2\/media\/227"}],"wp:attachment":[{"href":"http:\/\/www.les3mousquetons.net\/index.php?rest_route=%2Fwp%2Fv2%2Fmedia&parent=14"}],"curies":[{"name":"wp","href":"https:\/\/api.w.org\/{rel}","templated":true}]}}