{"id":196,"date":"2014-11-26T08:20:33","date_gmt":"2014-11-26T07:20:33","guid":{"rendered":"http:\/\/www.les3mousquetons.net\/?page_id=196"},"modified":"2021-06-28T11:31:49","modified_gmt":"2021-06-28T10:31:49","slug":"infos-pratique","status":"publish","type":"page","link":"https:\/\/www.les3mousquetons.net\/?page_id=196","title":{"rendered":"Infos pratiques"},"content":{"rendered":"<p>Consulter les <a href=\"http:\/\/www.les3mousquetons.net\/infos-pratique\/horaires\" target=\"_blank\" rel=\"noopener noreferrer\">Horaires pour la saison 2021\/2022<\/a><\/p>\n<p>Consulter les <a href=\"http:\/\/www.les3mousquetons.net\/infos-pratique\/tarifs\" target=\"_blank\" rel=\"noopener noreferrer\">Tarifs pour la saison 2021\/2022<\/a><\/p>\n<p><\/p>\n<p>Les <strong><a href=\"http:\/\/www.les3mousquetons.net\/infos-pratique\/inscription-saison-2021\">Inscriptions pour la saison 2021\/2022<\/a><\/strong> se font comme chaque ann\u00e9e en 2 temps : Courant juin pour les renouvellements, \u00e0 partir de d\u00e9but juillet pour les nouveaux adh\u00e9rents.<\/p>\n<p>Retrouver en <a href=\"http:\/\/www.les3mousquetons.net\/infos-pratique\/telechargements\">T\u00e9l\u00e9chargement<\/a> les documents \u00e0 compl\u00e9ter pour les dossiers inscriptions, les comptes rendus AG, les Statuts de l&rsquo;Association, protocoles sanitaires&#8230;\u00a0<\/p>\n<p>Consulter les <a title=\"INformations l\u00e9gales\" href=\"http:\/\/www.les3mousquetons.net\/infos-pratique\/lieux\">Equipements\/Gymnases<\/a> de pratique de l&rsquo;escalade mises \u00e0 disposition de l&rsquo;association.<\/p>\n<p>Consulter les <a title=\"INformations l\u00e9gales\" href=\"http:\/\/www.les3mousquetons.net\/infos-pratique\/informations-legales\">Informations l\u00e9gales<\/a> de l&rsquo;association.<\/p>\n\n\n<p><\/p>\n","protected":false},"excerpt":{"rendered":"<p>Consulter les Horaires pour la saison 2021\/2022 Consulter les Tarifs pour la saison 2021\/2022 Les Inscriptions pour la saison 2021\/2022 se font comme chaque ann\u00e9e en 2 temps : Courant&hellip;&nbsp;<a href=\"https:\/\/www.les3mousquetons.net\/?page_id=196\" class=\"\" rel=\"bookmark\">Lire la suite &raquo;<span class=\"screen-reader-text\">Infos pratiques<\/span><\/a><\/p>\n","protected":false},"author":2,"featured_media":0,"parent":0,"menu_order":60,"comment_status":"closed","ping_status":"open","template":"","meta":{"neve_meta_sidebar":"","neve_meta_container":"","neve_meta_enable_content_width":"","neve_meta_content_width":0,"neve_meta_title_alignment":"","neve_meta_author_avatar":"","neve_post_elements_order":"","neve_meta_disable_header":"","neve_meta_disable_footer":"","neve_meta_disable_title":"","_themeisle_gutenberg_block_has_review":false,"_ti_tpc_template_sync":false,"_ti_tpc_template_id":"","cybocfi_hide_featured_image":"","footnotes":""},"_links":{"self":[{"href":"https:\/\/www.les3mousquetons.net\/index.php?rest_route=\/wp\/v2\/pages\/196"}],"collection":[{"href":"https:\/\/www.les3mousquetons.net\/index.php?rest_route=\/wp\/v2\/pages"}],"about":[{"href":"https:\/\/www.les3mousquetons.net\/index.php?rest_route=\/wp\/v2\/types\/page"}],"author":[{"embeddable":true,"href":"https:\/\/www.les3mousquetons.net\/index.php?rest_route=\/wp\/v2\/users\/2"}],"replies":[{"embeddable":true,"href":"https:\/\/www.les3mousquetons.net\/index.php?rest_route=%2Fwp%2Fv2%2Fcomments&post=196"}],"version-history":[{"count":24,"href":"https:\/\/www.les3mousquetons.net\/index.php?rest_route=\/wp\/v2\/pages\/196\/revisions"}],"predecessor-version":[{"id":4303,"href":"https:\/\/www.les3mousquetons.net\/index.php?rest_route=\/wp\/v2\/pages\/196\/revisions\/4303"}],"wp:attachment":[{"href":"https:\/\/www.les3mousquetons.net\/index.php?rest_route=%2Fwp%2Fv2%2Fmedia&parent=196"}],"curies":[{"name":"wp","href":"https:\/\/api.w.org\/{rel}","templated":true}]}}