{"id":200,"date":"2014-11-26T08:36:29","date_gmt":"2014-11-26T07:36:29","guid":{"rendered":"http:\/\/www.les3mousquetons.net\/?page_id=200"},"modified":"2025-11-13T20:20:57","modified_gmt":"2025-11-13T19:20:57","slug":"telechargements","status":"publish","type":"page","link":"https:\/\/www.les3mousquetons.net\/?page_id=200","title":{"rendered":"Documents"},"content":{"rendered":"<h2>CONSIGNES DE SECURITE &#8211; FFME<\/h2>\n<ul>\n<li><span style=\"text-decoration: underline;\"><a href=\"https:\/\/www.ffme.fr\/wp-content\/uploads\/2024\/03\/240309-Regles-Securite-.pdf\" target=\"_blank\" rel=\"noopener\">La f\u00e9d\u00e9ration vous invite \u00e0 lire et relire les r\u00e8gles de s\u00e9curit\u00e9, riches d\u2019informations pour pratiquer et faire pratiquer en s\u00e9curit\u00e9 l&rsquo;escalade. <\/a><\/span><\/li>\n<\/ul>\n<h2>Formulaires d&rsquo;Inscriptions<\/h2>\n<ul>\n<li style=\"list-style-type: none;\">\n<ul>\n<li>Les3Mousquetons &#8211; <a href=\"https:\/\/mandrillapp.com\/track\/click\/30477602\/www.pepsup.com?p=eyJzIjoiRXlkV1ByMmhqZ1l5T1hnTG84MVlHZnJwSWpNIiwidiI6MiwicCI6IntcInVcIjozMDQ3NzYwMixcInZcIjoyLFwidXJsXCI6XCJodHRwczpcXFwvXFxcL3d3dy5wZXBzdXAuY29tXFxcL2NvbmZpcm0tc2lnbnVwXFxcLzI1MDE1NVxcXC83OWI4NWNiYmFiNGNhYTA5MmFjZmJkYjM0MDVhMWM2NlwiLFwiaWRcIjpcIjQyMGJkZTgyYzIzZTQ1M2ZhZjg0MTRjNjFlN2E5YWMxXCIsXCJ1cmxfaWRzXCI6W1wiNTJjZGZjMGY3NmI1ZTg4ZGEwOWJkMjBiNDA0MDE5MzUxYmMyZDg3M1wiXSxcIm1zZ190c1wiOjE3NDcxNjE3MjF9In0\">logiciel pep&rsquo;s up<\/a><\/li>\n<li>Les3Mousquetons &#8211; <a href=\"http:\/\/www.les3mousquetons.net\/wp-content\/uploads\/2025\/08\/reglement-interieur-2025-26.pdf\">R\u00e8glement Int\u00e9rieur Saison 2025-2026<\/a><\/li>\n<li>FFME &#8211; <a href=\"http:\/\/www.les3mousquetons.net\/wp-content\/uploads\/2021\/06\/2022-notice-assurance.pdf\">Notice Assurance Saison 2025 (2025\/2026)<\/a><\/li>\n<\/ul>\n<\/li>\n<\/ul>\n<h2>STATUTS DE L&rsquo;Association<\/h2>\n<ul>\n<li>\n<p><a href=\"http:\/\/www.les3mousquetons.net\/wp-content\/uploads\/2014\/11\/Statuts-3M-2015.pdf\" rel=\"attachment wp-att-2617\">Statuts-3M<\/a><\/p>\n<\/li>\n<\/ul>\n<p><span style=\"color: inherit; font-family: Roboto Mono, var(--nv-fallback-ff); font-size: 35px; font-weight: 900; letter-spacing: 0px; text-transform: uppercase; background-color: var(--nv-site-bg);\">compte-rendus des assembl\u00e9es g\u00e9n\u00e9rales<\/span><\/p>\n<p>AGO (Assembl\u00e9e G\u00e9n\u00e9rale Ordinaire) \/ AGE (Assembl\u00e9e G\u00e9n\u00e9rale Extraordinaire)<\/p>\n<ul>\n<li><a href=\"http:\/\/www.les3mousquetons.net\/wp-content\/uploads\/2025\/11\/20251112_AGO_3M_signe_comp.pdf\">CR_AGO_12\/11\/2025<\/a><\/li>\n<li><a href=\"http:\/\/www.les3mousquetons.net\/wp-content\/uploads\/2024\/10\/20241009-AGO-les3M_finale.pdf\">CR_AGO_09\/10\/2024<\/a><\/li>\n<li><a href=\"http:\/\/www.les3mousquetons.net\/wp-content\/uploads\/2024\/10\/20230702-AGO-CR_Les_3_Mousquetons.pdf\">CR_AGO_02\/07\/2023<\/a><\/li>\n<li><a href=\"http:\/\/www.les3mousquetons.net\/wp-content\/uploads\/2022\/07\/20220702-AGO-les3M-VDef-PV.pdf\">CR_AGO_02\/07\/2022<\/a><\/li>\n<li><a href=\"http:\/\/www.les3mousquetons.net\/wp-content\/uploads\/2021\/06\/CR-20210623_Les3M-AGO-v1.0.pdf\">CR_AGO_23\/06\/2021<\/a><\/li>\n<li><a href=\"http:\/\/www.les3mousquetons.net\/wp-content\/uploads\/2020\/11\/CR_20201116-AGO-les3M-v1.pdf\">CR_AGO_16\/11\/2020<\/a><\/li>\n<li><a href=\"http:\/\/www.les3mousquetons.net\/wp-content\/uploads\/2019\/07\/CR_AGO_20190630.pdf\">CR_AGO_30\/06\/2019<\/a><\/li>\n<li><a href=\"http:\/\/www.les3mousquetons.net\/wp-content\/uploads\/2014\/11\/CR-AG-07-2018.pdf\">CR_AGO_01\/07\/2018<\/a><\/li>\n<li><a href=\"http:\/\/www.les3mousquetons.net\/infos-pratique\/telechargements\/attachment\/cr_ago_2017\" rel=\"attachment wp-att-3055\">CR_AGO_02\/07\/2017<\/a><\/li>\n<li><a href=\"http:\/\/www.les3mousquetons.net\/infos-pratique\/telechargements\/attachment\/cr_ago_2016\" rel=\"attachment wp-att-2614\">CR_AGO_19\/06\/2016<\/a><\/li>\n<li><a href=\"http:\/\/www.les3mousquetons.net\/wp-content\/uploads\/2014\/11\/CR-AGE_2015-08.pdf\" target=\"_blank\" rel=\"noopener noreferrer\">CR AGE_27\/05\/2015<\/a> &#8211; Cr\u00e9ation d&rsquo;une association ind\u00e9pendante \u00ab\u00a0Les 3 Mousquetons\u00a0\u00bb<\/li>\n<li><a href=\"http:\/\/www.les3mousquetons.net\/wp-content\/uploads\/2014\/11\/CR_AGO_2015.pdf\">CR_AGO_06\/05\/2015<\/a><\/li>\n<li><a href=\"http:\/\/www.les3mousquetons.net\/wp-content\/uploads\/2014\/11\/Les3Mousquetons_CR_AG_20140924.pdf\" target=\"_blank\" rel=\"noopener noreferrer\">CR_AGO_24\/09\/2014<\/a><\/li>\n<\/ul>\n\n\n<p><\/p>\n","protected":false},"excerpt":{"rendered":"<p>CONSIGNES DE SECURITE &#8211; FFME La f\u00e9d\u00e9ration vous invite \u00e0 lire et relire les r\u00e8gles de s\u00e9curit\u00e9, riches d\u2019informations pour pratiquer et faire pratiquer en s\u00e9curit\u00e9 l&rsquo;escalade. Formulaires d&rsquo;Inscriptions Les3Mousquetons&hellip;&nbsp;<a href=\"https:\/\/www.les3mousquetons.net\/?page_id=200\" class=\"\" rel=\"bookmark\">Lire la suite &raquo;<span class=\"screen-reader-text\">Documents<\/span><\/a><\/p>\n","protected":false},"author":2,"featured_media":0,"parent":196,"menu_order":40,"comment_status":"closed","ping_status":"open","template":"","meta":{"neve_meta_sidebar":"","neve_meta_container":"","neve_meta_enable_content_width":"on","neve_meta_content_width":85,"neve_meta_title_alignment":"","neve_meta_author_avatar":"","neve_post_elements_order":"","neve_meta_disable_header":"","neve_meta_disable_footer":"","neve_meta_disable_title":"","_themeisle_gutenberg_block_has_review":false,"_ti_tpc_template_sync":false,"_ti_tpc_template_id":"","cybocfi_hide_featured_image":"","footnotes":""},"_links":{"self":[{"href":"https:\/\/www.les3mousquetons.net\/index.php?rest_route=\/wp\/v2\/pages\/200"}],"collection":[{"href":"https:\/\/www.les3mousquetons.net\/index.php?rest_route=\/wp\/v2\/pages"}],"about":[{"href":"https:\/\/www.les3mousquetons.net\/index.php?rest_route=\/wp\/v2\/types\/page"}],"author":[{"embeddable":true,"href":"https:\/\/www.les3mousquetons.net\/index.php?rest_route=\/wp\/v2\/users\/2"}],"replies":[{"embeddable":true,"href":"https:\/\/www.les3mousquetons.net\/index.php?rest_route=%2Fwp%2Fv2%2Fcomments&post=200"}],"version-history":[{"count":52,"href":"https:\/\/www.les3mousquetons.net\/index.php?rest_route=\/wp\/v2\/pages\/200\/revisions"}],"predecessor-version":[{"id":5965,"href":"https:\/\/www.les3mousquetons.net\/index.php?rest_route=\/wp\/v2\/pages\/200\/revisions\/5965"}],"up":[{"embeddable":true,"href":"https:\/\/www.les3mousquetons.net\/index.php?rest_route=\/wp\/v2\/pages\/196"}],"wp:attachment":[{"href":"https:\/\/www.les3mousquetons.net\/index.php?rest_route=%2Fwp%2Fv2%2Fmedia&parent=200"}],"curies":[{"name":"wp","href":"https:\/\/api.w.org\/{rel}","templated":true}]}}