{"id":219,"date":"2014-11-26T10:12:07","date_gmt":"2014-11-26T09:12:07","guid":{"rendered":"http:\/\/www.les3mousquetons.net\/?page_id=219"},"modified":"2025-06-06T14:28:10","modified_gmt":"2025-06-06T13:28:10","slug":"lieux","status":"publish","type":"page","link":"https:\/\/www.les3mousquetons.net\/?page_id=219","title":{"rendered":"Nos Structures"},"content":{"rendered":"<p>Aux 3 Mousquetons, nous avons la chance d&rsquo;avoir 2 murs d&rsquo;escalade de difficult\u00e9 \u00e0 disposition, qui pr\u00e9sentent diff\u00e9rents profils et diff\u00e9rentes difficult\u00e9s (d\u00e9vers plus ou moins importants, di\u00e8dre, arr\u00eate, etc.). Les cours se d\u00e9roulent sur l&rsquo;un ou l&rsquo;autre (voir planning des cours). Les comp\u00e9titions organis\u00e9es par le club ont lieu au gymnase du Lyc\u00e9e.\u00a0<\/p>\n<p>Depuis janvier 2025, nous avons \u00e9galement un mur de Bloc r\u00e9gional, au gymnase de la Beouzo, une autre discipline de l&rsquo;escalade, \u00e0 4.5m de hauteur, sur de gros tapis et sans encordement pour des techniques plus explosives et adapt\u00e9es au plus jeune age.<\/p>\n<h4>Adresse du club :<\/h4>\n<p>Mairie de Fonsorbes<br \/>Rue du 11 novembre 1918<br \/>31470 FONSORBES<\/p>\n<h2>Gymnase du Lyc\u00e9e Cl\u00e9mence Royer\u00a0<\/h2>\n<p><strong>Adresse :<\/strong> 3 Avenue Lucie Aubrac, 31470 Fonsorbes<\/p>\n<h2><a href=\"http:\/\/www.les3mousquetons.net\/wp-content\/uploads\/2021\/09\/LyceeExt.jpg\"><img loading=\"lazy\" decoding=\"async\" class=\"wp-image-4839 alignleft\" src=\"http:\/\/www.les3mousquetons.net\/wp-content\/uploads\/2021\/09\/LyceeExt.jpg\" alt=\"\" width=\"650\" height=\"268\" srcset=\"https:\/\/www.les3mousquetons.net\/wp-content\/uploads\/2021\/09\/LyceeExt.jpg 1535w, https:\/\/www.les3mousquetons.net\/wp-content\/uploads\/2021\/09\/LyceeExt-300x124.jpg 300w, https:\/\/www.les3mousquetons.net\/wp-content\/uploads\/2021\/09\/LyceeExt-1024x422.jpg 1024w, https:\/\/www.les3mousquetons.net\/wp-content\/uploads\/2021\/09\/LyceeExt-768x316.jpg 768w\" sizes=\"(max-width: 650px) 100vw, 650px\" \/><\/a><\/h2>\n<h2><a href=\"http:\/\/www.les3mousquetons.net\/wp-content\/uploads\/2021\/10\/14566225_991845230938368_1909255174174283432_o.jpg\"><img loading=\"lazy\" decoding=\"async\" class=\"wp-image-4959 alignright\" src=\"http:\/\/www.les3mousquetons.net\/wp-content\/uploads\/2021\/10\/14566225_991845230938368_1909255174174283432_o.jpg\" alt=\"\" width=\"622\" height=\"413\" srcset=\"https:\/\/www.les3mousquetons.net\/wp-content\/uploads\/2021\/10\/14566225_991845230938368_1909255174174283432_o.jpg 1204w, https:\/\/www.les3mousquetons.net\/wp-content\/uploads\/2021\/10\/14566225_991845230938368_1909255174174283432_o-300x199.jpg 300w, https:\/\/www.les3mousquetons.net\/wp-content\/uploads\/2021\/10\/14566225_991845230938368_1909255174174283432_o-1024x680.jpg 1024w, https:\/\/www.les3mousquetons.net\/wp-content\/uploads\/2021\/10\/14566225_991845230938368_1909255174174283432_o-768x510.jpg 768w\" sizes=\"(max-width: 622px) 100vw, 622px\" \/><\/a><\/h2>\n<h2>\u00a0<\/h2>\n<h2>\u00a0<\/h2>\n<h2>\u00a0<\/h2>\n<h2>\u00a0<\/h2>\n<h2>\u00a0<\/h2>\n<h2>\u00a0<\/h2>\n<p>\u00a0<\/p>\n<h2>gymnase du Coll\u00e8ge de Cantelauze<\/h2>\n<p><strong>Adresse :<\/strong> Chemin de Cantelauze, 31470 Fonsorbes<\/p>\n<p><a href=\"http:\/\/www.les3mousquetons.net\/wp-content\/uploads\/2021\/10\/IMG_20211021_190026-scaled.jpg\"><img loading=\"lazy\" decoding=\"async\" class=\"wp-image-5029  alignright\" src=\"http:\/\/www.les3mousquetons.net\/wp-content\/uploads\/2021\/10\/IMG_20211021_190026-scaled.jpg\" alt=\"\" width=\"685\" height=\"514\" srcset=\"https:\/\/www.les3mousquetons.net\/wp-content\/uploads\/2021\/10\/IMG_20211021_190026-scaled.jpg 2560w, https:\/\/www.les3mousquetons.net\/wp-content\/uploads\/2021\/10\/IMG_20211021_190026-300x225.jpg 300w, https:\/\/www.les3mousquetons.net\/wp-content\/uploads\/2021\/10\/IMG_20211021_190026-1024x768.jpg 1024w, https:\/\/www.les3mousquetons.net\/wp-content\/uploads\/2021\/10\/IMG_20211021_190026-768x576.jpg 768w, https:\/\/www.les3mousquetons.net\/wp-content\/uploads\/2021\/10\/IMG_20211021_190026-1536x1152.jpg 1536w, https:\/\/www.les3mousquetons.net\/wp-content\/uploads\/2021\/10\/IMG_20211021_190026-2048x1536.jpg 2048w\" sizes=\"(max-width: 685px) 100vw, 685px\" \/><\/a><\/p>\n<p><a href=\"http:\/\/www.les3mousquetons.net\/wp-content\/uploads\/2025\/06\/gymnaze-cantelauze.jpg\"><img loading=\"lazy\" decoding=\"async\" class=\"wp-image-5803 alignleft\" src=\"http:\/\/www.les3mousquetons.net\/wp-content\/uploads\/2025\/06\/gymnaze-cantelauze.jpg\" alt=\"\" width=\"627\" height=\"295\" srcset=\"https:\/\/www.les3mousquetons.net\/wp-content\/uploads\/2025\/06\/gymnaze-cantelauze.jpg 1341w, https:\/\/www.les3mousquetons.net\/wp-content\/uploads\/2025\/06\/gymnaze-cantelauze-300x141.jpg 300w, https:\/\/www.les3mousquetons.net\/wp-content\/uploads\/2025\/06\/gymnaze-cantelauze-1024x482.jpg 1024w, https:\/\/www.les3mousquetons.net\/wp-content\/uploads\/2025\/06\/gymnaze-cantelauze-360x169.jpg 360w, https:\/\/www.les3mousquetons.net\/wp-content\/uploads\/2025\/06\/gymnaze-cantelauze-768x361.jpg 768w\" sizes=\"(max-width: 627px) 100vw, 627px\" \/><\/a><\/p>\n<h2>\u00a0<\/h2>\n<h2>\u00a0<\/h2>\n<h2>\u00a0<\/h2>\n<h2>\u00a0<\/h2>\n<h2>\u00a0<\/h2>\n<h2>\u00a0<\/h2>\n<h2>\u00a0<\/h2>\n<p>\u00a0<\/p>\n<p>\u00a0<\/p>\n\n\n<h2 class=\"wp-block-heading\">gymnase de la BEOUZO<\/h2>\n\n\n\n<p><strong>Adresse :<\/strong> 71 chemin Marial, 31470 Fonsorbes<\/p>\n\n\n<div class=\"wp-block-image\">\n<figure class=\"alignleft is-resized\"><a href=\"http:\/\/www.les3mousquetons.net\/wp-content\/uploads\/2025\/06\/gymnaze-beouzo-2.jpg\"><img loading=\"lazy\" decoding=\"async\" width=\"783\" height=\"587\" src=\"https:\/\/www.les3mousquetons.net\/wp-content\/uploads\/2025\/06\/gymnaze-beouzo-2-edited.jpg\" alt=\"\" class=\"wp-image-5831\" style=\"width:513px;height:auto\" srcset=\"https:\/\/www.les3mousquetons.net\/wp-content\/uploads\/2025\/06\/gymnaze-beouzo-2-edited.jpg 783w, https:\/\/www.les3mousquetons.net\/wp-content\/uploads\/2025\/06\/gymnaze-beouzo-2-edited-300x225.jpg 300w, https:\/\/www.les3mousquetons.net\/wp-content\/uploads\/2025\/06\/gymnaze-beouzo-2-edited-233x175.jpg 233w, https:\/\/www.les3mousquetons.net\/wp-content\/uploads\/2025\/06\/gymnaze-beouzo-2-edited-768x576.jpg 768w\" sizes=\"(max-width: 783px) 100vw, 783px\" \/><\/a><\/figure><\/div>\n\n<div class=\"wp-block-image\">\n<figure class=\"alignright is-resized\"><a href=\"http:\/\/www.les3mousquetons.net\/wp-content\/uploads\/2025\/06\/IMG_20250105_165632.jpg\"><img loading=\"lazy\" decoding=\"async\" width=\"1920\" height=\"886\" src=\"http:\/\/www.les3mousquetons.net\/wp-content\/uploads\/2025\/06\/IMG_20250105_165632.jpg\" alt=\"\" class=\"wp-image-5797\" style=\"width:795px;height:auto\" srcset=\"https:\/\/www.les3mousquetons.net\/wp-content\/uploads\/2025\/06\/IMG_20250105_165632.jpg 1920w, https:\/\/www.les3mousquetons.net\/wp-content\/uploads\/2025\/06\/IMG_20250105_165632-300x138.jpg 300w, https:\/\/www.les3mousquetons.net\/wp-content\/uploads\/2025\/06\/IMG_20250105_165632-1024x473.jpg 1024w, https:\/\/www.les3mousquetons.net\/wp-content\/uploads\/2025\/06\/IMG_20250105_165632-360x166.jpg 360w, https:\/\/www.les3mousquetons.net\/wp-content\/uploads\/2025\/06\/IMG_20250105_165632-768x354.jpg 768w, https:\/\/www.les3mousquetons.net\/wp-content\/uploads\/2025\/06\/IMG_20250105_165632-1536x709.jpg 1536w\" sizes=\"(max-width: 1920px) 100vw, 1920px\" \/><\/a><\/figure><\/div>","protected":false},"excerpt":{"rendered":"<p>Aux 3 Mousquetons, nous avons la chance d&rsquo;avoir 2 murs d&rsquo;escalade de difficult\u00e9 \u00e0 disposition, qui pr\u00e9sentent diff\u00e9rents profils et diff\u00e9rentes difficult\u00e9s (d\u00e9vers plus ou moins importants, di\u00e8dre, arr\u00eate, etc.).&hellip;&nbsp;<a href=\"https:\/\/www.les3mousquetons.net\/?page_id=219\" class=\"\" rel=\"bookmark\">Lire la suite &raquo;<span class=\"screen-reader-text\">Nos Structures<\/span><\/a><\/p>\n","protected":false},"author":2,"featured_media":0,"parent":12,"menu_order":1,"comment_status":"closed","ping_status":"closed","template":"","meta":{"neve_meta_sidebar":"","neve_meta_container":"","neve_meta_enable_content_width":"on","neve_meta_content_width":85,"neve_meta_title_alignment":"","neve_meta_author_avatar":"","neve_post_elements_order":"","neve_meta_disable_header":"","neve_meta_disable_footer":"","neve_meta_disable_title":"","_themeisle_gutenberg_block_has_review":false,"_ti_tpc_template_sync":false,"_ti_tpc_template_id":"","cybocfi_hide_featured_image":"","footnotes":""},"_links":{"self":[{"href":"https:\/\/www.les3mousquetons.net\/index.php?rest_route=\/wp\/v2\/pages\/219"}],"collection":[{"href":"https:\/\/www.les3mousquetons.net\/index.php?rest_route=\/wp\/v2\/pages"}],"about":[{"href":"https:\/\/www.les3mousquetons.net\/index.php?rest_route=\/wp\/v2\/types\/page"}],"author":[{"embeddable":true,"href":"https:\/\/www.les3mousquetons.net\/index.php?rest_route=\/wp\/v2\/users\/2"}],"replies":[{"embeddable":true,"href":"https:\/\/www.les3mousquetons.net\/index.php?rest_route=%2Fwp%2Fv2%2Fcomments&post=219"}],"version-history":[{"count":52,"href":"https:\/\/www.les3mousquetons.net\/index.php?rest_route=\/wp\/v2\/pages\/219\/revisions"}],"predecessor-version":[{"id":5834,"href":"https:\/\/www.les3mousquetons.net\/index.php?rest_route=\/wp\/v2\/pages\/219\/revisions\/5834"}],"up":[{"embeddable":true,"href":"https:\/\/www.les3mousquetons.net\/index.php?rest_route=\/wp\/v2\/pages\/12"}],"wp:attachment":[{"href":"https:\/\/www.les3mousquetons.net\/index.php?rest_route=%2Fwp%2Fv2%2Fmedia&parent=219"}],"curies":[{"name":"wp","href":"https:\/\/api.w.org\/{rel}","templated":true}]}}