{"id":3501,"date":"2018-10-23T09:06:45","date_gmt":"2018-10-23T08:06:45","guid":{"rendered":"http:\/\/www.les3mousquetons.net\/?page_id=3501"},"modified":"2021-10-09T13:11:57","modified_gmt":"2021-10-09T12:11:57","slug":"actualites-adultes","status":"publish","type":"page","link":"https:\/\/www.les3mousquetons.net\/?page_id=3501","title":{"rendered":"Actualit\u00e9s Adultes"},"content":{"rendered":"<div class=\"wp-block-themeisle-blocks-posts-grid\" id=\"\"><div class=\"is-grid o-posts-grid-columns-3\"><div class=\"o-posts-grid-post-blog o-posts-grid-post-plain\"><div class=\"o-posts-grid-post\"><div class=\"o-posts-grid-post-image\"><a href=\"https:\/\/www.les3mousquetons.net\/?p=6000\"><img loading=\"lazy\" decoding=\"async\" width=\"1600\" height=\"1200\" src=\"https:\/\/www.les3mousquetons.net\/wp-content\/uploads\/2026\/02\/IMG-20260208-WA0019.jpg\" class=\"attachment-full size-full\" alt=\"\" srcset=\"https:\/\/www.les3mousquetons.net\/wp-content\/uploads\/2026\/02\/IMG-20260208-WA0019.jpg 1600w, https:\/\/www.les3mousquetons.net\/wp-content\/uploads\/2026\/02\/IMG-20260208-WA0019-300x225.jpg 300w, https:\/\/www.les3mousquetons.net\/wp-content\/uploads\/2026\/02\/IMG-20260208-WA0019-1024x768.jpg 1024w, https:\/\/www.les3mousquetons.net\/wp-content\/uploads\/2026\/02\/IMG-20260208-WA0019-233x175.jpg 233w, https:\/\/www.les3mousquetons.net\/wp-content\/uploads\/2026\/02\/IMG-20260208-WA0019-768x576.jpg 768w, https:\/\/www.les3mousquetons.net\/wp-content\/uploads\/2026\/02\/IMG-20260208-WA0019-1536x1152.jpg 1536w\" sizes=\"(max-width: 1600px) 100vw, 1600px\" \/><\/a><\/div><div class=\"o-posts-grid-post-body\"><span class=\"o-posts-grid-post-category\"><a href=\"https:\/\/www.les3mousquetons.net\/?cat=32\">Adultes<\/a><\/span><h5 class=\"o-posts-grid-post-title\"><a href=\"https:\/\/www.les3mousquetons.net\/?p=6000\">GET aDultes du 06\/02\/26<\/a><\/h5><p class=\"o-posts-grid-post-meta\">Posted on <time datetime=\"2026-02-10T20:03:33+01:00\">10 f\u00e9vrier 2026<\/time> by <a href=\"https:\/\/www.les3mousquetons.net\/?author=2\">Bureau<\/a><\/p><div class=\"o-posts-grid-post-description\"><p>Le Samedi 06\/02, les 3 mousquetons ont accueilli la 1ere \u00e9tape du GET Adultes, qui n&rsquo;avait pas\u2026<\/p><\/div><\/div><\/div><\/div><div class=\"o-posts-grid-post-blog o-posts-grid-post-plain\"><div class=\"o-posts-grid-post\"><div class=\"o-posts-grid-post-image\"><a href=\"https:\/\/www.les3mousquetons.net\/?p=5991\"><img loading=\"lazy\" decoding=\"async\" width=\"2560\" height=\"1178\" src=\"https:\/\/www.les3mousquetons.net\/wp-content\/uploads\/2026\/01\/IMG_20251129_223709-scaled.jpg\" class=\"attachment-full size-full\" alt=\"\" srcset=\"https:\/\/www.les3mousquetons.net\/wp-content\/uploads\/2026\/01\/IMG_20251129_223709-scaled.jpg 2560w, https:\/\/www.les3mousquetons.net\/wp-content\/uploads\/2026\/01\/IMG_20251129_223709-300x138.jpg 300w, https:\/\/www.les3mousquetons.net\/wp-content\/uploads\/2026\/01\/IMG_20251129_223709-1024x471.jpg 1024w, https:\/\/www.les3mousquetons.net\/wp-content\/uploads\/2026\/01\/IMG_20251129_223709-360x166.jpg 360w, https:\/\/www.les3mousquetons.net\/wp-content\/uploads\/2026\/01\/IMG_20251129_223709-768x353.jpg 768w, https:\/\/www.les3mousquetons.net\/wp-content\/uploads\/2026\/01\/IMG_20251129_223709-1536x707.jpg 1536w, https:\/\/www.les3mousquetons.net\/wp-content\/uploads\/2026\/01\/IMG_20251129_223709-2048x942.jpg 2048w\" sizes=\"(max-width: 2560px) 100vw, 2560px\" \/><\/a><\/div><div class=\"o-posts-grid-post-body\"><span class=\"o-posts-grid-post-category\"><a href=\"https:\/\/www.les3mousquetons.net\/?cat=32\">Adultes<\/a><\/span><h5 class=\"o-posts-grid-post-title\"><a href=\"https:\/\/www.les3mousquetons.net\/?p=5991\">GET et Championnat D\u00e9partemental de BLOC<\/a><\/h5><p class=\"o-posts-grid-post-meta\">Posted on <time datetime=\"2026-01-11T12:33:22+01:00\">11 janvier 2026<\/time> by <a href=\"https:\/\/www.les3mousquetons.net\/?author=2\">Bureau<\/a><\/p><div class=\"o-posts-grid-post-description\"><p>Le 30 novembre 2025 a eu lieu pour la 2eme ann\u00e9e cons\u00e9cutive, le championnat d\u00e9partemental de BLOC s\u2026<\/p><\/div><\/div><\/div><\/div><div class=\"o-posts-grid-post-blog o-posts-grid-post-plain\"><div class=\"o-posts-grid-post\"><div class=\"o-posts-grid-post-image\"><a href=\"https:\/\/www.les3mousquetons.net\/?p=5877\"><img loading=\"lazy\" decoding=\"async\" width=\"1600\" height=\"1200\" src=\"https:\/\/www.les3mousquetons.net\/wp-content\/uploads\/2025\/06\/FB_IMG_1748899097511.jpg\" class=\"attachment-full size-full\" alt=\"\" srcset=\"https:\/\/www.les3mousquetons.net\/wp-content\/uploads\/2025\/06\/FB_IMG_1748899097511.jpg 1600w, https:\/\/www.les3mousquetons.net\/wp-content\/uploads\/2025\/06\/FB_IMG_1748899097511-300x225.jpg 300w, https:\/\/www.les3mousquetons.net\/wp-content\/uploads\/2025\/06\/FB_IMG_1748899097511-1024x768.jpg 1024w, https:\/\/www.les3mousquetons.net\/wp-content\/uploads\/2025\/06\/FB_IMG_1748899097511-233x175.jpg 233w, https:\/\/www.les3mousquetons.net\/wp-content\/uploads\/2025\/06\/FB_IMG_1748899097511-768x576.jpg 768w, https:\/\/www.les3mousquetons.net\/wp-content\/uploads\/2025\/06\/FB_IMG_1748899097511-1536x1152.jpg 1536w\" sizes=\"(max-width: 1600px) 100vw, 1600px\" \/><\/a><\/div><div class=\"o-posts-grid-post-body\"><span class=\"o-posts-grid-post-category\"><a href=\"https:\/\/www.les3mousquetons.net\/?cat=32\">Adultes<\/a><\/span><h5 class=\"o-posts-grid-post-title\"><a href=\"https:\/\/www.les3mousquetons.net\/?p=5877\">GET de Fonsorbes du 01\/06\/2025<\/a><\/h5><p class=\"o-posts-grid-post-meta\">Posted on <time datetime=\"2025-06-08T11:43:22+01:00\">8 juin 2025<\/time> by <a href=\"https:\/\/www.les3mousquetons.net\/?author=2\">Bureau<\/a><\/p><div class=\"o-posts-grid-post-description\"><p>Le 01 juin 2025 a eu lieu la Comp\u00e9tition amicale entre clubs du d\u00e9partement. Les enfants avaient 7 v\u2026<\/p><\/div><\/div><\/div><\/div><div class=\"o-posts-grid-post-blog o-posts-grid-post-plain\"><div class=\"o-posts-grid-post\"><div class=\"o-posts-grid-post-image\"><a href=\"https:\/\/www.les3mousquetons.net\/?p=5875\"><img loading=\"lazy\" decoding=\"async\" width=\"1066\" height=\"1600\" src=\"https:\/\/www.les3mousquetons.net\/wp-content\/uploads\/2025\/06\/WhatsApp-Image-2025-05-20-at-09.39.34-2.jpeg\" class=\"attachment-full size-full\" alt=\"\" srcset=\"https:\/\/www.les3mousquetons.net\/wp-content\/uploads\/2025\/06\/WhatsApp-Image-2025-05-20-at-09.39.34-2.jpeg 1066w, https:\/\/www.les3mousquetons.net\/wp-content\/uploads\/2025\/06\/WhatsApp-Image-2025-05-20-at-09.39.34-2-200x300.jpeg 200w, https:\/\/www.les3mousquetons.net\/wp-content\/uploads\/2025\/06\/WhatsApp-Image-2025-05-20-at-09.39.34-2-682x1024.jpeg 682w, https:\/\/www.les3mousquetons.net\/wp-content\/uploads\/2025\/06\/WhatsApp-Image-2025-05-20-at-09.39.34-2-117x175.jpeg 117w, https:\/\/www.les3mousquetons.net\/wp-content\/uploads\/2025\/06\/WhatsApp-Image-2025-05-20-at-09.39.34-2-768x1153.jpeg 768w, https:\/\/www.les3mousquetons.net\/wp-content\/uploads\/2025\/06\/WhatsApp-Image-2025-05-20-at-09.39.34-2-1023x1536.jpeg 1023w\" sizes=\"(max-width: 1066px) 100vw, 1066px\" \/><\/a><\/div><div class=\"o-posts-grid-post-body\"><span class=\"o-posts-grid-post-category\"><a href=\"https:\/\/www.les3mousquetons.net\/?cat=32\">Adultes<\/a><\/span><h5 class=\"o-posts-grid-post-title\"><a href=\"https:\/\/www.les3mousquetons.net\/?p=5875\">Sortie Falaise du 17\/05\/2025<\/a><\/h5><p class=\"o-posts-grid-post-meta\">Posted on <time datetime=\"2025-06-08T11:31:38+01:00\">8 juin 2025<\/time> by <a href=\"https:\/\/www.les3mousquetons.net\/?author=2\">Bureau<\/a><\/p><div class=\"o-posts-grid-post-description\"><p>Le 17 mai 2025, le Club les 3 Mousquetons est sorti en falaises \u00e0 Auzat. 12 enfants\/ados ont pu part\u2026<\/p><\/div><\/div><\/div><\/div><div class=\"o-posts-grid-post-blog o-posts-grid-post-plain\"><div class=\"o-posts-grid-post\"><div class=\"o-posts-grid-post-body is-full\"><span class=\"o-posts-grid-post-category\"><a href=\"https:\/\/www.les3mousquetons.net\/?cat=32\">Adultes<\/a><\/span><h5 class=\"o-posts-grid-post-title\"><a href=\"https:\/\/www.les3mousquetons.net\/?event=pre-inscriptions-adherents-actuels-annee-2025-2026\">Pr\u00e9-inscriptions adh\u00e9rents actuels &#8211; Ann\u00e9e 2025\/2026<\/a><\/h5><p class=\"o-posts-grid-post-meta\">Posted on <time datetime=\"2025-05-10T11:02:17+01:00\">10 mai 2025<\/time> by <a href=\"https:\/\/www.les3mousquetons.net\/?author=2\">Bureau<\/a><\/p><div class=\"o-posts-grid-post-description\"><p><\/p><\/div><\/div><\/div><\/div><div class=\"o-posts-grid-post-blog o-posts-grid-post-plain\"><div class=\"o-posts-grid-post\"><div class=\"o-posts-grid-post-image\"><a href=\"https:\/\/www.les3mousquetons.net\/?p=5743\"><img loading=\"lazy\" decoding=\"async\" width=\"1306\" height=\"845\" src=\"https:\/\/www.les3mousquetons.net\/wp-content\/uploads\/2025\/04\/FFME2024-e1744203339604.webp\" class=\"attachment-full size-full\" alt=\"\" srcset=\"https:\/\/www.les3mousquetons.net\/wp-content\/uploads\/2025\/04\/FFME2024-e1744203339604.webp 1306w, https:\/\/www.les3mousquetons.net\/wp-content\/uploads\/2025\/04\/FFME2024-e1744203339604-300x194.webp 300w, https:\/\/www.les3mousquetons.net\/wp-content\/uploads\/2025\/04\/FFME2024-e1744203339604-1024x663.webp 1024w, https:\/\/www.les3mousquetons.net\/wp-content\/uploads\/2025\/04\/FFME2024-e1744203339604-270x175.webp 270w, https:\/\/www.les3mousquetons.net\/wp-content\/uploads\/2025\/04\/FFME2024-e1744203339604-768x497.webp 768w\" sizes=\"(max-width: 1306px) 100vw, 1306px\" \/><\/a><\/div><div class=\"o-posts-grid-post-body\"><span class=\"o-posts-grid-post-category\"><a href=\"https:\/\/www.les3mousquetons.net\/?cat=32\">Adultes<\/a><\/span><h5 class=\"o-posts-grid-post-title\"><a href=\"https:\/\/www.les3mousquetons.net\/?p=5743\">Meilleurs Moments ffme 2024<\/a><\/h5><p class=\"o-posts-grid-post-meta\">Posted on <time datetime=\"2025-04-09T13:46:11+01:00\">9 avril 2025<\/time> by <a href=\"https:\/\/www.les3mousquetons.net\/?author=2\">Bureau<\/a><\/p><div class=\"o-posts-grid-post-description\"><p><\/p><\/div><\/div><\/div><\/div><div class=\"o-posts-grid-post-blog o-posts-grid-post-plain\"><div class=\"o-posts-grid-post\"><div class=\"o-posts-grid-post-image\"><a href=\"https:\/\/www.les3mousquetons.net\/?p=5728\"><img loading=\"lazy\" decoding=\"async\" width=\"2560\" height=\"1707\" src=\"https:\/\/www.les3mousquetons.net\/wp-content\/uploads\/2025\/02\/DIV5038-scaled.jpg\" class=\"attachment-full size-full\" alt=\"\" srcset=\"https:\/\/www.les3mousquetons.net\/wp-content\/uploads\/2025\/02\/DIV5038-scaled.jpg 2560w, https:\/\/www.les3mousquetons.net\/wp-content\/uploads\/2025\/02\/DIV5038-300x200.jpg 300w, https:\/\/www.les3mousquetons.net\/wp-content\/uploads\/2025\/02\/DIV5038-1024x683.jpg 1024w, https:\/\/www.les3mousquetons.net\/wp-content\/uploads\/2025\/02\/DIV5038-263x175.jpg 263w, https:\/\/www.les3mousquetons.net\/wp-content\/uploads\/2025\/02\/DIV5038-768x512.jpg 768w, https:\/\/www.les3mousquetons.net\/wp-content\/uploads\/2025\/02\/DIV5038-1536x1024.jpg 1536w, https:\/\/www.les3mousquetons.net\/wp-content\/uploads\/2025\/02\/DIV5038-2048x1365.jpg 2048w, https:\/\/www.les3mousquetons.net\/wp-content\/uploads\/2025\/02\/DIV5038-930x620.jpg 930w\" sizes=\"(max-width: 2560px) 100vw, 2560px\" \/><\/a><\/div><div class=\"o-posts-grid-post-body\"><span class=\"o-posts-grid-post-category\"><a href=\"https:\/\/www.les3mousquetons.net\/?cat=32\">Adultes<\/a><\/span><h5 class=\"o-posts-grid-post-title\"><a href=\"https:\/\/www.les3mousquetons.net\/?p=5728\">Journ\u00e9e inauguration Salle Bloc pouget \u00e0 la Beouzo &#8211; 11\/01\/25<\/a><\/h5><p class=\"o-posts-grid-post-meta\">Posted on <time datetime=\"2025-02-09T15:59:22+01:00\">9 f\u00e9vrier 2025<\/time> by <a href=\"https:\/\/www.les3mousquetons.net\/?author=2\">Bureau<\/a><\/p><div class=\"o-posts-grid-post-description\"><p>Le 11 janvier 2025 a enfin eu lieu cette journ\u00e9e que l&rsquo;on attendait tous, l&rsquo;ouverture de\u2026<\/p><\/div><\/div><\/div><\/div><div class=\"o-posts-grid-post-blog o-posts-grid-post-plain\"><div class=\"o-posts-grid-post\"><div class=\"o-posts-grid-post-image\"><a href=\"https:\/\/www.les3mousquetons.net\/?p=5069\"><img loading=\"lazy\" decoding=\"async\" width=\"650\" height=\"315\" src=\"https:\/\/www.les3mousquetons.net\/wp-content\/uploads\/2021\/11\/IMG_20211017_121007.jpg\" class=\"attachment-full size-full\" alt=\"\" srcset=\"https:\/\/www.les3mousquetons.net\/wp-content\/uploads\/2021\/11\/IMG_20211017_121007.jpg 650w, https:\/\/www.les3mousquetons.net\/wp-content\/uploads\/2021\/11\/IMG_20211017_121007-300x145.jpg 300w\" sizes=\"(max-width: 650px) 100vw, 650px\" \/><\/a><\/div><div class=\"o-posts-grid-post-body\"><span class=\"o-posts-grid-post-category\"><a href=\"https:\/\/www.les3mousquetons.net\/?cat=32\">Adultes<\/a><\/span><h5 class=\"o-posts-grid-post-title\"><a href=\"https:\/\/www.les3mousquetons.net\/?p=5069\">Sortie 3Mousquetons &#8211; Blocs de Laramade en Ariege &#8211; 17\/10\/2021<\/a><\/h5><p class=\"o-posts-grid-post-meta\">Posted on <time datetime=\"2021-11-08T22:14:41+01:00\">8 novembre 2021<\/time> by <a href=\"https:\/\/www.les3mousquetons.net\/?author=2\">Bureau<\/a><\/p><div class=\"o-posts-grid-post-description\"><p>Ca y est nous pouvons refaire des sorties en groupe et ce renouveau du club et de la vie associative\u2026<\/p><\/div><\/div><\/div><\/div><div class=\"o-posts-grid-post-blog o-posts-grid-post-plain\"><div class=\"o-posts-grid-post\"><div class=\"o-posts-grid-post-image\"><a href=\"https:\/\/www.les3mousquetons.net\/?p=4921\"><img loading=\"lazy\" decoding=\"async\" width=\"650\" height=\"315\" src=\"https:\/\/www.les3mousquetons.net\/wp-content\/uploads\/2021\/10\/Laramade.jpg\" class=\"attachment-full size-full\" alt=\"\" srcset=\"https:\/\/www.les3mousquetons.net\/wp-content\/uploads\/2021\/10\/Laramade.jpg 650w, https:\/\/www.les3mousquetons.net\/wp-content\/uploads\/2021\/10\/Laramade-300x145.jpg 300w\" sizes=\"(max-width: 650px) 100vw, 650px\" \/><\/a><\/div><div class=\"o-posts-grid-post-body\"><span class=\"o-posts-grid-post-category\"><a href=\"https:\/\/www.les3mousquetons.net\/?cat=32\">Adultes<\/a><\/span><h5 class=\"o-posts-grid-post-title\"><a href=\"https:\/\/www.les3mousquetons.net\/?p=4921\">Sortie BLOC \u00e0 Laramade le 17 octobre &#8211; Save the date!<\/a><\/h5><p class=\"o-posts-grid-post-meta\">Posted on <time datetime=\"2021-10-10T12:16:54+01:00\">10 octobre 2021<\/time> by <a href=\"https:\/\/www.les3mousquetons.net\/?author=2\">Bureau<\/a><\/p><div class=\"o-posts-grid-post-description\"><p>Venez d\u00e9couvrir la grimpe en ext\u00e9rieur et le club \u00e0 Laramade sur une sortie bloc ouverte \u00e0 tous<\/p><\/div><\/div><\/div><\/div><div class=\"o-posts-grid-post-blog o-posts-grid-post-plain\"><div class=\"o-posts-grid-post\"><div class=\"o-posts-grid-post-image\"><a href=\"https:\/\/www.les3mousquetons.net\/?p=4172\"><img loading=\"lazy\" decoding=\"async\" width=\"650\" height=\"315\" src=\"https:\/\/www.les3mousquetons.net\/wp-content\/uploads\/2021\/06\/Thumb3.jpg\" class=\"attachment-full size-full\" alt=\"\" srcset=\"https:\/\/www.les3mousquetons.net\/wp-content\/uploads\/2021\/06\/Thumb3.jpg 650w, https:\/\/www.les3mousquetons.net\/wp-content\/uploads\/2021\/06\/Thumb3-300x145.jpg 300w\" sizes=\"(max-width: 650px) 100vw, 650px\" \/><\/a><\/div><div class=\"o-posts-grid-post-body\"><span class=\"o-posts-grid-post-category\"><a href=\"https:\/\/www.les3mousquetons.net\/?cat=32\">Adultes<\/a><\/span><h5 class=\"o-posts-grid-post-title\"><a href=\"https:\/\/www.les3mousquetons.net\/?p=4172\">Pr\u00e9paration de la Saison 2022 !<\/a><\/h5><p class=\"o-posts-grid-post-meta\">Posted on <time datetime=\"2021-06-11T14:42:36+01:00\">11 juin 2021<\/time> by <a href=\"https:\/\/www.les3mousquetons.net\/?author=2\">Bureau<\/a><\/p><div class=\"o-posts-grid-post-description\"><p>Tournons-nous vers l&rsquo;avenir, la Saison 2022 arrive \u00e0 grand pas, et sera celle de la vrai repri\u2026<\/p><\/div><\/div><\/div><\/div><div class=\"o-posts-grid-post-blog o-posts-grid-post-plain\"><div class=\"o-posts-grid-post\"><div class=\"o-posts-grid-post-image\"><a href=\"https:\/\/www.les3mousquetons.net\/?p=4112\"><img loading=\"lazy\" decoding=\"async\" width=\"800\" height=\"808\" src=\"https:\/\/www.les3mousquetons.net\/wp-content\/uploads\/2021\/02\/gif_stopCovid-3.gif\" class=\"attachment-full size-full\" alt=\"\" \/><\/a><\/div><div class=\"o-posts-grid-post-body\"><span class=\"o-posts-grid-post-category\"><a href=\"https:\/\/www.les3mousquetons.net\/?cat=32\">Adultes<\/a><\/span><h5 class=\"o-posts-grid-post-title\"><a href=\"https:\/\/www.les3mousquetons.net\/?p=4112\">Activit\u00e9s suspendues<\/a><\/h5><p class=\"o-posts-grid-post-meta\">Posted on <time datetime=\"2021-02-05T08:37:39+01:00\">5 f\u00e9vrier 2021<\/time> by <a href=\"https:\/\/www.les3mousquetons.net\/?author=2\">Bureau<\/a><\/p><div class=\"o-posts-grid-post-description\"><p>Comme impos\u00e9 par le gouvernement depuis le 14 Janvier (et ce malgr\u00e9&nbsp;toute notre bonne volont\u00e9&amp;#\u2026<\/p><\/div><\/div><\/div><\/div><div class=\"o-posts-grid-post-blog o-posts-grid-post-plain\"><div class=\"o-posts-grid-post\"><div class=\"o-posts-grid-post-image\"><a href=\"https:\/\/www.les3mousquetons.net\/?p=4093\"><img loading=\"lazy\" decoding=\"async\" width=\"1600\" height=\"1200\" src=\"https:\/\/www.les3mousquetons.net\/wp-content\/uploads\/2020\/12\/WhatsApp-Image-2020-11-22-at-17.25.13-1.jpeg\" class=\"attachment-full size-full\" alt=\"entretien du mur\" srcset=\"https:\/\/www.les3mousquetons.net\/wp-content\/uploads\/2020\/12\/WhatsApp-Image-2020-11-22-at-17.25.13-1.jpeg 1600w, https:\/\/www.les3mousquetons.net\/wp-content\/uploads\/2020\/12\/WhatsApp-Image-2020-11-22-at-17.25.13-1-300x225.jpeg 300w, https:\/\/www.les3mousquetons.net\/wp-content\/uploads\/2020\/12\/WhatsApp-Image-2020-11-22-at-17.25.13-1-1024x768.jpeg 1024w, https:\/\/www.les3mousquetons.net\/wp-content\/uploads\/2020\/12\/WhatsApp-Image-2020-11-22-at-17.25.13-1-768x576.jpeg 768w, https:\/\/www.les3mousquetons.net\/wp-content\/uploads\/2020\/12\/WhatsApp-Image-2020-11-22-at-17.25.13-1-1536x1152.jpeg 1536w\" sizes=\"(max-width: 1600px) 100vw, 1600px\" \/><\/a><\/div><div class=\"o-posts-grid-post-body\"><span class=\"o-posts-grid-post-category\"><a href=\"https:\/\/www.les3mousquetons.net\/?cat=32\">Adultes<\/a><\/span><h5 class=\"o-posts-grid-post-title\"><a href=\"https:\/\/www.les3mousquetons.net\/?p=4093\">Activit\u00e9s du club pendant ce 2eme confinement<\/a><\/h5><p class=\"o-posts-grid-post-meta\">Posted on <time datetime=\"2020-12-04T21:35:49+01:00\">4 d\u00e9cembre 2020<\/time> by <a href=\"https:\/\/www.les3mousquetons.net\/?author=2\">Bureau<\/a><\/p><div class=\"o-posts-grid-post-description\"><p>Tous nos cours sont \u00e0 l&rsquo;arr\u00eat et adultes comme enfants la frustration est forte. Votre club en\u2026<\/p><\/div><\/div><\/div><\/div><div class=\"o-posts-grid-post-blog o-posts-grid-post-plain\"><div class=\"o-posts-grid-post\"><div class=\"o-posts-grid-post-body is-full\"><span class=\"o-posts-grid-post-category\"><a href=\"https:\/\/www.les3mousquetons.net\/?cat=32\">Adultes<\/a><\/span><h5 class=\"o-posts-grid-post-title\"><a href=\"https:\/\/www.les3mousquetons.net\/?p=3985\">Inscriptions saison 2021<\/a><\/h5><p class=\"o-posts-grid-post-meta\">Posted on <time datetime=\"2020-06-03T16:07:04+01:00\">3 juin 2020<\/time> by <a href=\"https:\/\/www.les3mousquetons.net\/?author=2\">Bureau<\/a><\/p><div class=\"o-posts-grid-post-description\"><p>La proc\u00e9dure pour s\u2019inscrire est la suivante: Pr\u00e9-Inscription en ligne,&nbsp;obligatoire, que ce soi\u2026<\/p><\/div><\/div><\/div><\/div><div class=\"o-posts-grid-post-blog o-posts-grid-post-plain\"><div class=\"o-posts-grid-post\"><div class=\"o-posts-grid-post-image\"><a href=\"https:\/\/www.les3mousquetons.net\/?p=3949\"><img loading=\"lazy\" decoding=\"async\" width=\"300\" height=\"264\" src=\"https:\/\/www.les3mousquetons.net\/wp-content\/uploads\/2014\/12\/LogoTransparent_Les3Mousquetons_300px.png\" class=\"attachment-full size-full\" alt=\"\" \/><\/a><\/div><div class=\"o-posts-grid-post-body\"><span class=\"o-posts-grid-post-category\"><a href=\"https:\/\/www.les3mousquetons.net\/?cat=32\">Adultes<\/a><\/span><h5 class=\"o-posts-grid-post-title\"><a href=\"https:\/\/www.les3mousquetons.net\/?p=3949\">Inscriptions saison 2021 (2020-2021)<\/a><\/h5><p class=\"o-posts-grid-post-meta\">Posted on <time datetime=\"2020-05-04T10:33:05+01:00\">4 mai 2020<\/time> by <a href=\"https:\/\/www.les3mousquetons.net\/?author=2\">Bureau<\/a><\/p><div class=\"o-posts-grid-post-description\"><p>&#8211; Nous lancerons en Juin les r\u00e9inscriptions UNIQUEMENT pour les adh\u00e9rents actuels qui seront p\u2026<\/p><\/div><\/div><\/div><\/div><div class=\"o-posts-grid-post-blog o-posts-grid-post-plain\"><div class=\"o-posts-grid-post\"><div class=\"o-posts-grid-post-body is-full\"><span class=\"o-posts-grid-post-category\"><a href=\"https:\/\/www.les3mousquetons.net\/?cat=32\">Adultes<\/a><\/span><h5 class=\"o-posts-grid-post-title\"><a href=\"https:\/\/www.les3mousquetons.net\/?p=3926\">COVID-19, Activit\u00e9 du club suspendue<\/a><\/h5><p class=\"o-posts-grid-post-meta\">Posted on <time datetime=\"2020-03-13T18:18:35+01:00\">13 mars 2020<\/time> by <a href=\"https:\/\/www.les3mousquetons.net\/?author=2\">Bureau<\/a><\/p><div class=\"o-posts-grid-post-description\"><p>(maj du 13\/03 18:35) Suspension des cours \u00e0 compter de&nbsp;Samedi 14 Mars inclus&nbsp;et ce jusqu&amp;r\u2026<\/p><\/div><\/div><\/div><\/div><div class=\"o-posts-grid-post-blog o-posts-grid-post-plain\"><div class=\"o-posts-grid-post\"><div class=\"o-posts-grid-post-image\"><a href=\"https:\/\/www.les3mousquetons.net\/?p=3869\"><img loading=\"lazy\" decoding=\"async\" width=\"300\" height=\"264\" src=\"https:\/\/www.les3mousquetons.net\/wp-content\/uploads\/2014\/12\/LogoTransparent_Les3Mousquetons_300px.png\" class=\"attachment-full size-full\" alt=\"\" \/><\/a><\/div><div class=\"o-posts-grid-post-body\"><span class=\"o-posts-grid-post-category\"><a href=\"https:\/\/www.les3mousquetons.net\/?cat=32\">Adultes<\/a><\/span><h5 class=\"o-posts-grid-post-title\"><a href=\"https:\/\/www.les3mousquetons.net\/?p=3869\">Journ\u00e9es Tous en Sport &#038; Forum Assos<\/a><\/h5><p class=\"o-posts-grid-post-meta\">Posted on <time datetime=\"2019-09-05T17:02:25+01:00\">5 septembre 2019<\/time> by <a href=\"https:\/\/www.les3mousquetons.net\/?author=2\">Bureau<\/a><\/p><div class=\"o-posts-grid-post-description\"><p>Venez essayez l&#039;escalade, encore quelques places disponibles pour les cours enfants et adultes !<\/p><\/div><\/div><\/div><\/div><div class=\"o-posts-grid-post-blog o-posts-grid-post-plain\"><div class=\"o-posts-grid-post\"><div class=\"o-posts-grid-post-image\"><a href=\"https:\/\/www.les3mousquetons.net\/?p=3797\"><img loading=\"lazy\" decoding=\"async\" width=\"3120\" height=\"4160\" src=\"https:\/\/www.les3mousquetons.net\/wp-content\/uploads\/2019\/05\/IMG_20190512_160112.jpg\" class=\"attachment-full size-full\" alt=\"\" srcset=\"https:\/\/www.les3mousquetons.net\/wp-content\/uploads\/2019\/05\/IMG_20190512_160112.jpg 3120w, https:\/\/www.les3mousquetons.net\/wp-content\/uploads\/2019\/05\/IMG_20190512_160112-225x300.jpg 225w, https:\/\/www.les3mousquetons.net\/wp-content\/uploads\/2019\/05\/IMG_20190512_160112-768x1024.jpg 768w\" sizes=\"(max-width: 3120px) 100vw, 3120px\" \/><\/a><\/div><div class=\"o-posts-grid-post-body\"><span class=\"o-posts-grid-post-category\"><a href=\"https:\/\/www.les3mousquetons.net\/?cat=32\">Adultes<\/a><\/span><h5 class=\"o-posts-grid-post-title\"><a href=\"https:\/\/www.les3mousquetons.net\/?p=3797\">Inscriptions 2019-2020<\/a><\/h5><p class=\"o-posts-grid-post-meta\">Posted on <time datetime=\"2019-06-18T21:01:57+01:00\">18 juin 2019<\/time> by <a href=\"https:\/\/www.les3mousquetons.net\/?author=2\">Bureau<\/a><\/p><div class=\"o-posts-grid-post-description\"><p>C&#039;est parti ! ! !\nLes inscriptions 2019-2020 sont ouvertes.<\/p><\/div><\/div><\/div><\/div><div class=\"o-posts-grid-post-blog o-posts-grid-post-plain\"><div class=\"o-posts-grid-post\"><div class=\"o-posts-grid-post-image\"><a href=\"https:\/\/www.les3mousquetons.net\/?p=3763\"><img loading=\"lazy\" decoding=\"async\" width=\"720\" height=\"960\" src=\"https:\/\/www.les3mousquetons.net\/wp-content\/uploads\/2019\/06\/affiche-portes-ouvertes.jpg\" class=\"attachment-full size-full\" alt=\"\" srcset=\"https:\/\/www.les3mousquetons.net\/wp-content\/uploads\/2019\/06\/affiche-portes-ouvertes.jpg 720w, https:\/\/www.les3mousquetons.net\/wp-content\/uploads\/2019\/06\/affiche-portes-ouvertes-225x300.jpg 225w\" sizes=\"(max-width: 720px) 100vw, 720px\" \/><\/a><\/div><div class=\"o-posts-grid-post-body\"><span class=\"o-posts-grid-post-category\"><a href=\"https:\/\/www.les3mousquetons.net\/?cat=32\">Adultes<\/a><\/span><h5 class=\"o-posts-grid-post-title\"><a href=\"https:\/\/www.les3mousquetons.net\/?p=3763\">PORTES OUVERTES aux 3 Mousquetons<\/a><\/h5><p class=\"o-posts-grid-post-meta\">Posted on <time datetime=\"2019-06-02T08:21:46+01:00\">2 juin 2019<\/time> by <a href=\"https:\/\/www.les3mousquetons.net\/?author=2\">Bureau<\/a><\/p><div class=\"o-posts-grid-post-description\"><p>Vous souhaitez essayer l\u2019escalade avant de vous inscrire ! Venez participer \u00e0 notre matin\u00e9e portes-o\u2026<\/p><\/div><\/div><\/div><\/div><\/div> <\/div>","protected":false},"excerpt":{"rendered":"","protected":false},"author":2,"featured_media":0,"parent":3497,"menu_order":0,"comment_status":"closed","ping_status":"closed","template":"","meta":{"neve_meta_sidebar":"","neve_meta_container":"","neve_meta_enable_content_width":"on","neve_meta_content_width":85,"neve_meta_title_alignment":"","neve_meta_author_avatar":"","neve_post_elements_order":"","neve_meta_disable_header":"","neve_meta_disable_footer":"","neve_meta_disable_title":"","_themeisle_gutenberg_block_has_review":false,"_ti_tpc_template_sync":false,"_ti_tpc_template_id":"","cybocfi_hide_featured_image":"","footnotes":""},"_links":{"self":[{"href":"https:\/\/www.les3mousquetons.net\/index.php?rest_route=\/wp\/v2\/pages\/3501"}],"collection":[{"href":"https:\/\/www.les3mousquetons.net\/index.php?rest_route=\/wp\/v2\/pages"}],"about":[{"href":"https:\/\/www.les3mousquetons.net\/index.php?rest_route=\/wp\/v2\/types\/page"}],"author":[{"embeddable":true,"href":"https:\/\/www.les3mousquetons.net\/index.php?rest_route=\/wp\/v2\/users\/2"}],"replies":[{"embeddable":true,"href":"https:\/\/www.les3mousquetons.net\/index.php?rest_route=%2Fwp%2Fv2%2Fcomments&post=3501"}],"version-history":[{"count":40,"href":"https:\/\/www.les3mousquetons.net\/index.php?rest_route=\/wp\/v2\/pages\/3501\/revisions"}],"predecessor-version":[{"id":4897,"href":"https:\/\/www.les3mousquetons.net\/index.php?rest_route=\/wp\/v2\/pages\/3501\/revisions\/4897"}],"up":[{"embeddable":true,"href":"https:\/\/www.les3mousquetons.net\/index.php?rest_route=\/wp\/v2\/pages\/3497"}],"wp:attachment":[{"href":"https:\/\/www.les3mousquetons.net\/index.php?rest_route=%2Fwp%2Fv2%2Fmedia&parent=3501"}],"curies":[{"name":"wp","href":"https:\/\/api.w.org\/{rel}","templated":true}]}}