{"id":3969,"date":"2020-06-03T15:10:23","date_gmt":"2020-06-03T14:10:23","guid":{"rendered":"http:\/\/www.les3mousquetons.net\/?page_id=3969"},"modified":"2025-09-03T21:44:24","modified_gmt":"2025-09-03T20:44:24","slug":"inscription-saison-2021","status":"publish","type":"page","link":"https:\/\/www.les3mousquetons.net\/?page_id=3969","title":{"rendered":"Inscription Saison 2025\/2026"},"content":{"rendered":"\n<p class=\"has-text-align-center\"><\/p>\n\n\n\n<p><\/p>\n\n\n\n<p><strong><mark style=\"background-color:rgba(0, 0, 0, 0);color:#ea871f\" class=\"has-inline-color\">MODALITE D&rsquo;INSCRIPTION :<\/mark><\/strong><\/p>\n\n\n\n<p class=\"has-text-align-left has-14-font-size\">Choix <strong>1\/ Se pr\u00e9-inscrire<\/strong>\u00a0en remplissant ce formulaire: cliquez ci-apr\u00e8s<br><a href=\"https:\/\/forms.gle\/JZWEdNuep9jpDozC7\"><strong>https:\/\/forms.gle\/JZWEdNuep9jpDozC7<\/strong><\/a><br><\/p>\n\n\n\n<p>Choix 2\/ Se pr\u00e9inscrire directement sur le logiciel d\u00e9mat\u00e9rialis\u00e9 Pep&rsquo;s Up qui va d\u00e9sormais nous accompagner dans notre gestion en ligne! <a href=\"https:\/\/les-3-mousquetons.pepsup.com\/campagne-adhesion\">https:\/\/les-3-mousquetons.pepsup.com\/campagne-adhesion<\/a><\/p>\n\n\n\n<p><\/p>\n\n\n\n<p><em>A noter : le fait de remplir le formulaire de pr\u00e9-inscription en ligne vous assure une place (sauf si le cr\u00e9neau est not\u00e9 COMPLET).<\/em><\/p>\n\n\n\n<p>Les cours sont accessibles pour les enfants \u00e0 partir de <strong><mark style=\"background-color:rgba(0, 0, 0, 0);color:#fd290d\" class=\"has-inline-color\">6 ans<\/mark><\/strong>.<\/p>\n\n\n\n<p> <mark style=\"background-color:rgba(0, 0, 0, 0)\" class=\"has-inline-color has-nv-site-bg-color\">.<\/mark><\/p>\n\n\n\n<p><strong><mark style=\"background-color:rgba(0, 0, 0, 0);color:#ea871f\" class=\"has-inline-color\">COURS D&rsquo;ESSAI :<\/mark><\/strong><\/p>\n\n\n\n<p>Il n&rsquo;est pas possible d&rsquo;essayer l&rsquo;escalade sur un cr\u00e9neau de cours \u00ab\u00a0classique\u00a0\u00bb, pour des raisons d&rsquo;assurance et de s\u00e9curit\u00e9 (nous limitons le nombre d&rsquo;enfants sur chaque cours pour que les encadrants puissent assurer la s\u00e9curit\u00e9 de toutes les cord\u00e9es).<\/p>\n\n\n\n<p><strong><mark style=\"background-color:rgba(0, 0, 0, 0);color:#ff1e00\" class=\"has-inline-color\">Pour essayer l&rsquo;escalade<\/mark><\/strong>, nous vous donnons rendez-vous le <strong><mark style=\"background-color:rgba(0, 0, 0, 0);color:#ff1e00\" class=\"has-inline-color\">DIMANCHE 29 juin entre 14h et 18h au gymnase du coll\u00e8ge de Cantelauze<\/mark><\/strong>, pour l&rsquo;apr\u00e8s-midi Portes Ouvertes. Ouverts aux enfants et aux adultes. Vous serez assur\u00e9s par des adultes du club.<\/p>\n\n\n\n<p><\/p>\n\n\n\n<p><\/p>\n\n\n\n<p><\/p>\n\n\n\n<p><\/p>\n","protected":false},"excerpt":{"rendered":"<p>MODALITE D&rsquo;INSCRIPTION : Choix 1\/ Se pr\u00e9-inscrire\u00a0en remplissant ce formulaire: cliquez ci-apr\u00e8shttps:\/\/forms.gle\/JZWEdNuep9jpDozC7 Choix 2\/ Se pr\u00e9inscrire directement sur le logiciel d\u00e9mat\u00e9rialis\u00e9 Pep&rsquo;s Up qui va d\u00e9sormais nous accompagner dans notre&hellip;&nbsp;<a href=\"https:\/\/www.les3mousquetons.net\/?page_id=3969\" class=\"\" rel=\"bookmark\">Lire la suite &raquo;<span class=\"screen-reader-text\">Inscription Saison 2025\/2026<\/span><\/a><\/p>\n","protected":false},"author":2,"featured_media":0,"parent":10,"menu_order":0,"comment_status":"closed","ping_status":"closed","template":"","meta":{"neve_meta_sidebar":"","neve_meta_container":"","neve_meta_enable_content_width":"on","neve_meta_content_width":85,"neve_meta_title_alignment":"","neve_meta_author_avatar":"","neve_post_elements_order":"","neve_meta_disable_header":"","neve_meta_disable_footer":"","neve_meta_disable_title":"","_themeisle_gutenberg_block_has_review":false,"_ti_tpc_template_sync":false,"_ti_tpc_template_id":"","cybocfi_hide_featured_image":"","footnotes":""},"_links":{"self":[{"href":"https:\/\/www.les3mousquetons.net\/index.php?rest_route=\/wp\/v2\/pages\/3969"}],"collection":[{"href":"https:\/\/www.les3mousquetons.net\/index.php?rest_route=\/wp\/v2\/pages"}],"about":[{"href":"https:\/\/www.les3mousquetons.net\/index.php?rest_route=\/wp\/v2\/types\/page"}],"author":[{"embeddable":true,"href":"https:\/\/www.les3mousquetons.net\/index.php?rest_route=\/wp\/v2\/users\/2"}],"replies":[{"embeddable":true,"href":"https:\/\/www.les3mousquetons.net\/index.php?rest_route=%2Fwp%2Fv2%2Fcomments&post=3969"}],"version-history":[{"count":81,"href":"https:\/\/www.les3mousquetons.net\/index.php?rest_route=\/wp\/v2\/pages\/3969\/revisions"}],"predecessor-version":[{"id":5944,"href":"https:\/\/www.les3mousquetons.net\/index.php?rest_route=\/wp\/v2\/pages\/3969\/revisions\/5944"}],"up":[{"embeddable":true,"href":"https:\/\/www.les3mousquetons.net\/index.php?rest_route=\/wp\/v2\/pages\/10"}],"wp:attachment":[{"href":"https:\/\/www.les3mousquetons.net\/index.php?rest_route=%2Fwp%2Fv2%2Fmedia&parent=3969"}],"curies":[{"name":"wp","href":"https:\/\/api.w.org\/{rel}","templated":true}]}}