{"id":4695,"date":"2021-08-25T17:49:18","date_gmt":"2021-08-25T16:49:18","guid":{"rendered":"http:\/\/www.les3mousquetons.net\/new3m\/?page_id=4695"},"modified":"2024-10-04T18:03:50","modified_gmt":"2024-10-04T17:03:50","slug":"maxime-cousin","status":"publish","type":"page","link":"https:\/\/www.les3mousquetons.net\/?page_id=4695","title":{"rendered":"Nigel Kozlowski"},"content":{"rendered":"\n<div id=\"wp-block-themeisle-blocks-advanced-columns-e309568d\" class=\"wp-block-themeisle-blocks-advanced-columns has-1-columns has-desktop-equal-layout has-tablet-equal-layout has-mobile-equal-layout has-vertical-unset has-default-gap\"><div class=\"wp-block-themeisle-blocks-advanced-columns-overlay\"><\/div><div class=\"innerblocks-wrap\">\n<div id=\"wp-block-themeisle-blocks-advanced-column-d5857470\" class=\"wp-block-themeisle-blocks-advanced-column\">\n<p style=\"text-align: left;\">Passionn\u00e9 d\u2019escalade depuis 2015, je pratique d\u2019abord l\u2019escalade de bloc intensivement durant 2 ans. J\u2019int\u00e8gre ensuite le groupe espoir du CAF o\u00f9 je d\u00e9couvre l\u2019escalade en ext\u00e9rieur \u00e0 travers la voie et les grandes voies.\u00a0<br \/>Je quitte en 2018 mon emploi de d\u00e9veloppeur informatique pour pr\u00e9parer la liste de courses qui me permettra ensuite d\u2019int\u00e9grer en 2019 la formation du DE Escalade en Milieux Naturel au CREPS de Montpellier. Un an apr\u00e8s et des exp\u00e9riences plein la t\u00eate je valide finalement mon dipl\u00f4me.<br \/>Je partage aujourd\u2019hui ma passion dans le club Autan Grimper \u00e0 Bessi\u00e8res et aux 3 Mousquetons \u00e0 Fonsorbes.<br \/>Restant un passionn\u00e9 de bloc dans l\u2019\u00e2me, cette pratique repr\u00e9sente une grande partie de mon temps de grimpe, vous me trouverez donc r\u00e9guli\u00e8rement dans les<br \/>salles toulousaines \u00e0 tracter ou serrer des arqu\u00e9es. Je m\u2019int\u00e9resse \u00e9galement beaucoup \u00e0 l\u2019aspect entrainement de l\u2019escalade et c\u2019est donc tout naturellement que je souhaitais encadrer l\u2019\u00e9quipe comp\u00e9tition des 3 Mousquetons.<br \/>Malgr\u00e9 \u00e7a vous pouvez me solliciter sur tous les aspects de l\u2019escalade et je prendrai autant de plaisir \u00e0 discuter avec vous de manip\u2019 de corde ou bien de cette voie ou grande voie qui vous tient \u00e0 coeur.<\/p>\n<p style=\"text-align: left;\">\u00c0 tr\u00e8s bient\u00f4t !<\/p>\n<p>Nigel<\/p>\n<\/div>\n<\/div><\/div>\n\n\n\n<p><\/p>\n","protected":false},"excerpt":{"rendered":"","protected":false},"author":2,"featured_media":0,"parent":16,"menu_order":0,"comment_status":"closed","ping_status":"closed","template":"","meta":{"neve_meta_sidebar":"full-width","neve_meta_container":"","neve_meta_enable_content_width":"on","neve_meta_content_width":100,"neve_meta_title_alignment":"","neve_meta_author_avatar":"","neve_post_elements_order":"","neve_meta_disable_header":"","neve_meta_disable_footer":"","neve_meta_disable_title":"","_themeisle_gutenberg_block_has_review":false,"_ti_tpc_template_sync":false,"_ti_tpc_template_id":"","cybocfi_hide_featured_image":"","footnotes":""},"_links":{"self":[{"href":"https:\/\/www.les3mousquetons.net\/index.php?rest_route=\/wp\/v2\/pages\/4695"}],"collection":[{"href":"https:\/\/www.les3mousquetons.net\/index.php?rest_route=\/wp\/v2\/pages"}],"about":[{"href":"https:\/\/www.les3mousquetons.net\/index.php?rest_route=\/wp\/v2\/types\/page"}],"author":[{"embeddable":true,"href":"https:\/\/www.les3mousquetons.net\/index.php?rest_route=\/wp\/v2\/users\/2"}],"replies":[{"embeddable":true,"href":"https:\/\/www.les3mousquetons.net\/index.php?rest_route=%2Fwp%2Fv2%2Fcomments&post=4695"}],"version-history":[{"count":8,"href":"https:\/\/www.les3mousquetons.net\/index.php?rest_route=\/wp\/v2\/pages\/4695\/revisions"}],"predecessor-version":[{"id":5542,"href":"https:\/\/www.les3mousquetons.net\/index.php?rest_route=\/wp\/v2\/pages\/4695\/revisions\/5542"}],"up":[{"embeddable":true,"href":"https:\/\/www.les3mousquetons.net\/index.php?rest_route=\/wp\/v2\/pages\/16"}],"wp:attachment":[{"href":"https:\/\/www.les3mousquetons.net\/index.php?rest_route=%2Fwp%2Fv2%2Fmedia&parent=4695"}],"curies":[{"name":"wp","href":"https:\/\/api.w.org\/{rel}","templated":true}]}}