{"id":4700,"date":"2021-08-25T17:51:14","date_gmt":"2021-08-25T16:51:14","guid":{"rendered":"http:\/\/www.les3mousquetons.net\/new3m\/?page_id=4700"},"modified":"2026-01-11T11:54:27","modified_gmt":"2026-01-11T10:54:27","slug":"herve-cochin","status":"publish","type":"page","link":"https:\/\/www.les3mousquetons.net\/?page_id=4700","title":{"rendered":"Cl\u00e9mence BECK"},"content":{"rendered":"\n<div id=\"wp-block-themeisle-blocks-advanced-columns-75fe3fc0\" class=\"wp-block-themeisle-blocks-advanced-columns has-1-columns has-desktop-equal-layout has-tablet-equal-layout has-mobile-equal-layout has-vertical-unset has-default-gap\"><div class=\"wp-block-themeisle-blocks-advanced-columns-overlay\"><\/div><div class=\"innerblocks-wrap\">\n<div id=\"wp-block-themeisle-blocks-advanced-column-8885c34b\" class=\"wp-block-themeisle-blocks-advanced-column\">\n<div>\n<p>D\u2019origine marseillaise, j\u2019ai d\u00e9couvert l\u2019escalade dans les calanques, o\u00f9 j\u2019ai pass\u00e9 presque tous mes week-ends pendant une dizaine d\u2019ann\u00e9es.<br \/>En parall\u00e8le, j&rsquo;ai travaill\u00e9 plus de 5 ans chez Climb Up, avec le plaisir de partager ma passion aussi bien avec les plus jeunes qu\u2019avec les adultes.<\/p>\n<p>Install\u00e9e \u00e0 Toulouse depuis l\u2019\u00e9t\u00e9 2024, j\u2019enseigne d\u00e9sormais dans diff\u00e9rentes salles, et d\u00e8s cette ann\u00e9e au club des\u00a0<strong>3 Mousquetons<\/strong>. Toujours avec le m\u00eame plaisir :\u00a0transmettre, accompagner et partager cette passion verticale.<br \/>Pendant mes jours de repos, vous me trouverez s\u00fbrement en train de grimper dans une salle de la r\u00e9gion ou, si le soleil est au rendez-vous, sur les falaises d&rsquo;Ari\u00e8ge ou de Saint-Antonin-Noble-Val !<\/p>\n<p>A bient\u00f4t,<\/p>\n<\/div>\n<p style=\"font-weight: 400;\">Cl\u00e9mence<\/p>\n\n\n<div class=\"wp-block-image\">\n<figure class=\"aligncenter size-large is-resized\"><img loading=\"lazy\" decoding=\"async\" width=\"768\" height=\"1024\" src=\"https:\/\/www.les3mousquetons.net\/wp-content\/uploads\/2025\/09\/Clemence-1-768x1024.jpg\" alt=\"\" class=\"wp-image-5937\" style=\"width:328px;height:auto\" srcset=\"https:\/\/www.les3mousquetons.net\/wp-content\/uploads\/2025\/09\/Clemence-1-768x1024.jpg 768w, https:\/\/www.les3mousquetons.net\/wp-content\/uploads\/2025\/09\/Clemence-1-225x300.jpg 225w, https:\/\/www.les3mousquetons.net\/wp-content\/uploads\/2025\/09\/Clemence-1-131x175.jpg 131w, https:\/\/www.les3mousquetons.net\/wp-content\/uploads\/2025\/09\/Clemence-1-1152x1536.jpg 1152w, https:\/\/www.les3mousquetons.net\/wp-content\/uploads\/2025\/09\/Clemence-1.jpg 1200w\" sizes=\"(max-width: 768px) 100vw, 768px\" \/><\/figure><\/div><\/div>\n<\/div><\/div>\n","protected":false},"excerpt":{"rendered":"","protected":false},"author":2,"featured_media":0,"parent":16,"menu_order":0,"comment_status":"closed","ping_status":"closed","template":"","meta":{"neve_meta_sidebar":"full-width","neve_meta_container":"","neve_meta_enable_content_width":"on","neve_meta_content_width":100,"neve_meta_title_alignment":"","neve_meta_author_avatar":"","neve_post_elements_order":"","neve_meta_disable_header":"","neve_meta_disable_footer":"","neve_meta_disable_title":"","_themeisle_gutenberg_block_has_review":false,"_ti_tpc_template_sync":false,"_ti_tpc_template_id":"","cybocfi_hide_featured_image":"","footnotes":""},"_links":{"self":[{"href":"https:\/\/www.les3mousquetons.net\/index.php?rest_route=\/wp\/v2\/pages\/4700"}],"collection":[{"href":"https:\/\/www.les3mousquetons.net\/index.php?rest_route=\/wp\/v2\/pages"}],"about":[{"href":"https:\/\/www.les3mousquetons.net\/index.php?rest_route=\/wp\/v2\/types\/page"}],"author":[{"embeddable":true,"href":"https:\/\/www.les3mousquetons.net\/index.php?rest_route=\/wp\/v2\/users\/2"}],"replies":[{"embeddable":true,"href":"https:\/\/www.les3mousquetons.net\/index.php?rest_route=%2Fwp%2Fv2%2Fcomments&post=4700"}],"version-history":[{"count":8,"href":"https:\/\/www.les3mousquetons.net\/index.php?rest_route=\/wp\/v2\/pages\/4700\/revisions"}],"predecessor-version":[{"id":5942,"href":"https:\/\/www.les3mousquetons.net\/index.php?rest_route=\/wp\/v2\/pages\/4700\/revisions\/5942"}],"up":[{"embeddable":true,"href":"https:\/\/www.les3mousquetons.net\/index.php?rest_route=\/wp\/v2\/pages\/16"}],"wp:attachment":[{"href":"https:\/\/www.les3mousquetons.net\/index.php?rest_route=%2Fwp%2Fv2%2Fmedia&parent=4700"}],"curies":[{"name":"wp","href":"https:\/\/api.w.org\/{rel}","templated":true}]}}