{"id":5487,"date":"2024-10-04T11:30:43","date_gmt":"2024-10-04T10:30:43","guid":{"rendered":"https:\/\/www.les3mousquetons.net\/?page_id=5487"},"modified":"2025-12-13T18:46:22","modified_gmt":"2025-12-13T17:46:22","slug":"competitions","status":"publish","type":"page","link":"https:\/\/www.les3mousquetons.net\/?page_id=5487","title":{"rendered":"Comp\u00e9titions"},"content":{"rendered":"\n<figure class=\"wp-block-image size-full is-resized\"><a href=\"https:\/\/www.les3mousquetons.net\/?p=5501\"><img decoding=\"async\" src=\"https:\/\/www.les3mousquetons.net\/wp-content\/uploads\/2024\/10\/Capture.jpg\" alt=\"\" class=\"wp-image-5512\" style=\"width:242px;height:auto\"\/><\/a><\/figure>\n\n\n\n<figure class=\"wp-block-image size-full is-resized\"><a href=\"https:\/\/www.les3mousquetons.net\/?p=5489\"><img loading=\"lazy\" decoding=\"async\" width=\"475\" height=\"110\" src=\"https:\/\/www.les3mousquetons.net\/wp-content\/uploads\/2024\/10\/Capture-1.png\" alt=\"\" class=\"wp-image-5513\" style=\"width:358px;height:auto\" srcset=\"https:\/\/www.les3mousquetons.net\/wp-content\/uploads\/2024\/10\/Capture-1.png 475w, https:\/\/www.les3mousquetons.net\/wp-content\/uploads\/2024\/10\/Capture-1-300x69.png 300w\" sizes=\"(max-width: 475px) 100vw, 475px\" \/><\/a><\/figure>\n\n\n\n<p>N&rsquo;h\u00e9sitez pas \u00e0 consulter ce <a href=\"https:\/\/www.ffme.fr\/escalade\/competition\/textes-et-reglements-competitions-escalade\/\" data-type=\"link\" data-id=\"https:\/\/occitanie.ffme.fr\/uploads\/2024\/10\/guide-des-competitions-occitan.pdf\" target=\"_blank\" rel=\"noreferrer noopener\">Guide<\/a> tr\u00e8s bien fait sur les comp\u00e9titions!<\/p>\n\n\n\n<figure class=\"wp-block-image size-full\"><img loading=\"lazy\" decoding=\"async\" width=\"678\" height=\"361\" src=\"https:\/\/www.les3mousquetons.net\/wp-content\/uploads\/2025\/12\/image.png\" alt=\"\" class=\"wp-image-5969\" srcset=\"https:\/\/www.les3mousquetons.net\/wp-content\/uploads\/2025\/12\/image.png 678w, https:\/\/www.les3mousquetons.net\/wp-content\/uploads\/2025\/12\/image-300x160.png 300w, https:\/\/www.les3mousquetons.net\/wp-content\/uploads\/2025\/12\/image-329x175.png 329w\" sizes=\"(max-width: 678px) 100vw, 678px\" \/><\/figure>\n","protected":false},"excerpt":{"rendered":"<p>N&rsquo;h\u00e9sitez pas \u00e0 consulter ce Guide tr\u00e8s bien fait sur les comp\u00e9titions!<\/p>\n","protected":false},"author":2,"featured_media":0,"parent":3497,"menu_order":2,"comment_status":"closed","ping_status":"closed","template":"","meta":{"neve_meta_sidebar":"full-width","neve_meta_container":"","neve_meta_enable_content_width":"on","neve_meta_content_width":100,"neve_meta_title_alignment":"","neve_meta_author_avatar":"","neve_post_elements_order":"","neve_meta_disable_header":"","neve_meta_disable_footer":"","neve_meta_disable_title":"","_themeisle_gutenberg_block_has_review":false,"_ti_tpc_template_sync":false,"_ti_tpc_template_id":"","cybocfi_hide_featured_image":"","footnotes":""},"_links":{"self":[{"href":"https:\/\/www.les3mousquetons.net\/index.php?rest_route=\/wp\/v2\/pages\/5487"}],"collection":[{"href":"https:\/\/www.les3mousquetons.net\/index.php?rest_route=\/wp\/v2\/pages"}],"about":[{"href":"https:\/\/www.les3mousquetons.net\/index.php?rest_route=\/wp\/v2\/types\/page"}],"author":[{"embeddable":true,"href":"https:\/\/www.les3mousquetons.net\/index.php?rest_route=\/wp\/v2\/users\/2"}],"replies":[{"embeddable":true,"href":"https:\/\/www.les3mousquetons.net\/index.php?rest_route=%2Fwp%2Fv2%2Fcomments&post=5487"}],"version-history":[{"count":8,"href":"https:\/\/www.les3mousquetons.net\/index.php?rest_route=\/wp\/v2\/pages\/5487\/revisions"}],"predecessor-version":[{"id":5975,"href":"https:\/\/www.les3mousquetons.net\/index.php?rest_route=\/wp\/v2\/pages\/5487\/revisions\/5975"}],"up":[{"embeddable":true,"href":"https:\/\/www.les3mousquetons.net\/index.php?rest_route=\/wp\/v2\/pages\/3497"}],"wp:attachment":[{"href":"https:\/\/www.les3mousquetons.net\/index.php?rest_route=%2Fwp%2Fv2%2Fmedia&parent=5487"}],"curies":[{"name":"wp","href":"https:\/\/api.w.org\/{rel}","templated":true}]}}